{"id":2141,"date":"2022-01-19T09:40:52","date_gmt":"2022-01-19T09:40:52","guid":{"rendered":"https:\/\/villagiuliabnb.com\/villa-giulia"},"modified":"2024-12-15T21:10:09","modified_gmt":"2024-12-15T21:10:09","slug":"villa-giulia","status":"publish","type":"page","link":"https:\/\/villagiuliabnb.com\/it\/villa-giulia","title":{"rendered":"Villa Giulia"},"content":{"rendered":"\n<div class=\"wp-block-stackable-columns aligncenter stk-block-columns stk-block stk-6ea3751\" data-block-id=\"6ea3751\"><div class=\"stk-row stk-inner-blocks stk-block-content stk-content-align stk-6ea3751-column\">\n<div class=\"wp-block-stackable-column stk-block-column stk-column stk-block stk-395e27f\" data-v=\"4\" data-block-id=\"395e27f\"><div class=\"stk-column-wrapper stk-block-column__content stk-container stk-395e27f-container stk--no-background stk--no-padding\"><div class=\"stk-block-content stk-inner-blocks stk-395e27f-inner-blocks\">\n<div class=\"wp-block-media-text is-stacked-on-mobile is-vertically-aligned-center\" style=\"margin-top:0;margin-right:0;margin-bottom:0;margin-left:0;padding-top:0;padding-right:var(--wp--preset--spacing--20);padding-bottom:0;padding-left:var(--wp--preset--spacing--20)\" data-block-type=\"core\"><figure class=\"wp-block-media-text__media\"><img loading=\"lazy\" decoding=\"async\" width=\"1240\" height=\"1000\" src=\"https:\/\/villagiuliabnb.com\/wp-content\/uploads\/\/Villa_Giulia_fuori-1240x1000.jpg\" alt=\"\" class=\"wp-image-762 size-full\" srcset=\"https:\/\/villagiuliabnb.com\/wp-content\/uploads\/Villa_Giulia_fuori-1240x1000.jpg 1240w, https:\/\/villagiuliabnb.com\/wp-content\/uploads\/Villa_Giulia_fuori-700x564.jpg 700w, https:\/\/villagiuliabnb.com\/wp-content\/uploads\/Villa_Giulia_fuori-768x619.jpg 768w, https:\/\/villagiuliabnb.com\/wp-content\/uploads\/Villa_Giulia_fuori.jpg 1280w\" sizes=\"auto, (max-width: 1240px) 100vw, 1240px\" \/><\/figure><div class=\"wp-block-media-text__content\">\n<h2 class=\"wp-block-heading\" style=\"margin-top:var(--wp--preset--spacing--40);margin-right:0;margin-bottom:var(--wp--preset--spacing--20);margin-left:0\" data-block-type=\"core\">La Villa<\/h2>\n\n\n\n<p><strong>Il BnB Villa Giulia<\/strong> \u00e8 un\u2019incantevole costruzione in stile liberty costruita intorno al 1920 e completamente rinnovata nel 2023. \u00c8 situata davanti alla pittoresca Pineta di Ponente, una magnifica foresta di pini marittimi che offre varie attivit\u00e0 estive per i bambini, noleggi di biciclette, ristoranti, bar e mercatini occasionali. La Villa \u00e8 a soli 150 m dal lungomare, caratterizzato da boutiques, negozi, ristoranti e bar, nonch\u00e9 da bellissime spiagge con stabilimenti balneari e piscine.   <\/p>\n\n\n\n<p>Sapevi che puoi <a href=\"http:\/\/renting\"><strong>prenotare l&#8217;intera villa? <\/strong><\/a><\/p>\n<\/div><\/div>\n<\/div><\/div><\/div>\n<\/div><\/div>\n\n\n\n<div class=\"wp-block-media-text has-media-on-the-right is-stacked-on-mobile\" data-block-type=\"core\"><div class=\"wp-block-media-text__content\">\n<h2 class=\"wp-block-heading\" style=\"margin-top:var(--wp--preset--spacing--40);margin-bottom:var(--wp--preset--spacing--20)\" data-block-type=\"core\">Ubicazione<\/h2>\n\n\n\n<p>Villa Giulia BnB \u00e8 situata in un\u2019area residenziale e tranquilla, ma offre il vantaggio di essere a breve distanza dai punti ludici e di intrattenimento come la meravigliosa Pineta di Ponente e la splendida Passeggiata sul lungomare. Nei dintorni della Villa potete trovare raffinati hotel cos\u00ec come eccellenti bar e ristoranti. Il supermercato pi\u00f9 vicino si trova a 5 minuti di cammino, mentre in 20 minuti potete comodamente raggiungere a piedi la stazione ferroviaria.   <\/p>\n<\/div><figure class=\"wp-block-media-text__media\"><img loading=\"lazy\" decoding=\"async\" width=\"750\" height=\"1000\" src=\"https:\/\/villagiuliabnb.com\/wp-content\/uploads\/\/Villa_Giulia_Scala-750x1000.jpg\" alt=\"\" class=\"wp-image-757 size-full\" srcset=\"https:\/\/villagiuliabnb.com\/wp-content\/uploads\/Villa_Giulia_Scala-750x1000.jpg 750w, https:\/\/villagiuliabnb.com\/wp-content\/uploads\/Villa_Giulia_Scala-525x700.jpg 525w, https:\/\/villagiuliabnb.com\/wp-content\/uploads\/Villa_Giulia_Scala-768x1024.jpg 768w, https:\/\/villagiuliabnb.com\/wp-content\/uploads\/Villa_Giulia_Scala-1152x1536.jpg 1152w, https:\/\/villagiuliabnb.com\/wp-content\/uploads\/Villa_Giulia_Scala.jpg 1200w\" sizes=\"auto, (max-width: 750px) 100vw, 750px\" \/><\/figure><\/div>\n\n\n\n<div class=\"wp-block-stackable-columns stk-block-columns stk-block stk-23f7d34\" data-block-id=\"23f7d34\"><style>.stk-23f7d34 .stk--block-align-23f7d34{align-items:center !important;}.stk-23f7d34 {margin-bottom:0px !important;}.stk-23f7d34-column{--stk-column-gap:60px !important;row-gap:50px !important;}@media screen and (max-width:689px){.stk-23f7d34-column{row-gap:50px !important;}}<\/style><div class=\"stk-row stk-inner-blocks stk--block-align-23f7d34 stk-block-content stk-content-align stk-23f7d34-column\">\n<div class=\"wp-block-stackable-column stk-block-column stk-column stk-block stk-f3bdcdd\" data-v=\"4\" data-block-id=\"f3bdcdd\"><style>.stk-f3bdcdd-container{margin-top:0px !important;margin-right:0px !important;margin-bottom:0px !important;margin-left:0px !important;}@media screen and (min-width:690px){.stk-f3bdcdd {flex:var(--stk-flex-grow, 1) 1 calc(50% - var(--stk-column-gap, 0px) * 1 \/ 2 ) !important;}}@media screen and (min-width:690px) and (max-width:999px){.stk-f3bdcdd {flex:var(--stk-flex-grow, 1) 1 calc(100% - var(--stk-column-gap, 0px) * 0 \/ 1 ) !important;}}<\/style><div class=\"stk-column-wrapper stk-block-column__content stk-container stk-f3bdcdd-container stk--no-background stk--no-padding\"><div class=\"stk-block-content stk-inner-blocks stk-f3bdcdd-inner-blocks\">\n<figure class=\"wp-block-image size-full\" data-block-type=\"core\"><img loading=\"lazy\" decoding=\"async\" width=\"724\" height=\"500\" src=\"https:\/\/villagiuliabnb.com\/wp-content\/uploads\/Versilia.jpg\" alt=\"\" class=\"wp-image-843\" srcset=\"https:\/\/villagiuliabnb.com\/wp-content\/uploads\/Versilia.jpg 724w, https:\/\/villagiuliabnb.com\/wp-content\/uploads\/Versilia-700x483.jpg 700w\" sizes=\"auto, (max-width: 724px) 100vw, 724px\" \/><\/figure>\n<\/div><\/div><\/div>\n\n\n\n<div class=\"wp-block-stackable-column stk-block-column stk-column stk-block stk-dba065b\" data-v=\"4\" data-block-id=\"dba065b\"><style>.stk-dba065b-container{margin-top:0px !important;margin-right:0px !important;margin-bottom:0px !important;margin-left:0px !important;}@media screen and (min-width:690px){.stk-dba065b {flex:var(--stk-flex-grow, 1) 1 calc(50% - var(--stk-column-gap, 0px) * 1 \/ 2 ) !important;}}@media screen and (min-width:690px) and (max-width:999px){.stk-dba065b {flex:var(--stk-flex-grow, 1) 1 calc(100% - var(--stk-column-gap, 0px) * 0 \/ 1 ) !important;}}<\/style><div class=\"stk-column-wrapper stk-block-column__content stk-container stk-dba065b-container stk--no-background stk--no-padding\"><div class=\"stk-block-content stk-inner-blocks stk-dba065b-inner-blocks\">\n<h2 class=\"wp-block-heading\" data-block-type=\"core\">Lungomare, boutique e bar<\/h2>\n\n\n\n<div class=\"wp-block-stackable-text stk-block-text stk-block stk-e388663\" data-block-id=\"e388663\"><style>.stk-e388663 {margin-bottom:50px !important;}@media screen and (max-width:689px){.stk-e388663 {margin-bottom:30px !important;}}<\/style><p class=\"stk-block-text__text has-text-align-center-tablet\">Situata a soli 150 m dal lungomare, famosa per le sue boutiques, negozi, bar e stabilimenti balneari, la Villa \u00e8 anche rinomata per la spettacolare sfilata dei Carri di Carnevale, un evento imperdibile che ha luogo nel mese di febbraio. <\/p><\/div>\n\n\n\n<div class=\"wp-block-stackable-button-group stk-block-button-group stk-block stk-61a3042\" data-block-id=\"61a3042\"><style>.stk-61a3042 .stk-button-group{flex-direction:row !important;}@media screen and (max-width:999px){.stk-61a3042 .stk-button-group{flex-direction:row !important;}}@media screen and (max-width:689px){.stk-61a3042 .stk-button-group{flex-direction:row !important;}}<\/style><div class=\"stk-row stk-inner-blocks has-text-align-center-tablet stk-block-content stk-button-group\">\n<div class=\"wp-block-stackable-button stk-block-button stk-block stk-ac49bbf\" data-block-id=\"ac49bbf\"><style>.stk-ac49bbf .stk-button{padding-right:25px !important;padding-left:25px !important;}.stk-ac49bbf .stk-button__inner-text{font-size:18px !important;}@media screen and (max-width:999px){.stk-ac49bbf .stk-button__inner-text{font-size:18px !important;}}<\/style><a class=\"stk-link stk-button stk--hover-effect-darken\" href=\"https:\/\/villagiuliabnb.com\/it\/i-nostri-consigli\"><span class=\"stk-button__inner-text\">I nostri suggerimenti &gt;&gt;<\/span><\/a><\/div>\n<\/div><\/div>\n<\/div><\/div><\/div>\n<\/div><\/div>\n\n\n\n<div class=\"wp-block-stackable-columns alignfull stk-block-columns stk-block stk-3124827\" data-block-id=\"3124827\"><style>.stk-3124827-column{--stk-columns-spacing:32px !important;}<\/style><div class=\"stk-row stk-inner-blocks has-text-align-center stk-block-content stk-content-align stk-3124827-column alignfull\">\n<div class=\"wp-block-stackable-column stk-block-column stk-column stk-block stk-1023720\" data-v=\"4\" data-block-id=\"1023720\"><div class=\"stk-column-wrapper stk-block-column__content stk-container stk-1023720-container stk--no-background stk--no-padding\"><div class=\"stk-block-content stk-inner-blocks stk-1023720-inner-blocks\">\n<div class=\"wp-block-stackable-divider stk-block-divider stk-block stk-5d955e4\" data-block-id=\"5d955e4\"><style>.stk-5d955e4 hr.stk-block-divider__hr{background:var(--theme-palette-color-3, #816111) !important;}<\/style><hr class=\"stk-block-divider__hr\"\/><\/div>\n\n\n\n<div class=\"wp-block-stackable-heading stk-block-heading stk-block-heading--v2 stk-block stk-bc8a7b6\" id=\"reviews-from-our-guests\" data-block-id=\"bc8a7b6\"><style>.stk-bc8a7b6 .stk-block-heading__text{color:var(--theme-palette-color-1, #bda15a) !important;font-weight:500 !important;}<\/style><h2 class=\"stk-block-heading__text has-text-color\">Recensioni dei nostri ospiti<\/h2><\/div>\n\n\n\n<div class=\"wp-block-stackable-columns stk-block-columns stk-block stk-e0b1a92\" data-block-id=\"e0b1a92\"><div class=\"stk-row stk-inner-blocks stk-block-content stk-content-align stk-e0b1a92-column\">\n<div class=\"wp-block-stackable-column stk-block-column stk-column stk-block stk-0444e5c\" data-v=\"4\" data-block-id=\"0444e5c\"><style>.stk-0444e5c-container{margin-right:24px !important;margin-left:12px !important;}<\/style><div class=\"stk-column-wrapper stk-block-column__content stk-container stk-0444e5c-container stk--no-background stk--no-padding\"><div class=\"stk-block-content stk-inner-blocks stk-0444e5c-inner-blocks\">\n<div class=\"wp-block-stackable-testimonial stk-block-testimonial stk-block stk-6e34440 is-style-default\" data-v=\"2\" data-block-id=\"6e34440\"><div class=\"stk-block-testimonial__content stk-content-align stk-6e34440-column stk-container stk-6e34440-container stk--no-background stk--no-padding\"><div class=\"stk-block-content stk-inner-blocks has-text-align-center stk-6e34440-inner-blocks\">\n<h4 class=\"wp-block-heading has-text-align-left\" style=\"font-size:clamp(16.834px, 1.052rem + ((1vw - 3.2px) * 0.716), 26px);letter-spacing:1.8px\" data-block-type=\"core\">Un palazzo storico con un anima<\/h4>\n\n\n\n<div class=\"wp-block-stackable-text stk-block-text stk-block stk-54c0845\" data-block-id=\"54c0845\"><p class=\"stk-block-text__text has-text-align-left\">&#8220;<em>Location situata nei pressi del centro, a pochi passi dal lungomare. Ambiente curato ed accogliente, arredato elegantemente. I proprietari molto gentili che hanno saputo farmi sentire a casa pronti ad aiutarmi in ogni mia esigenza. Addirrittura non potendo trovare un taxi mi hanno accompagnato alla location del gala di fine anno. Grazie davvero per la vostra disponibilit\u00e0 ed ospitalit\u00e0.<br>L&#8217;accoglienza, la pulizia e la gentilezza dei proprietari<\/em>&#8220;<\/p><\/div>\n\n\n\n<div class=\"wp-block-stackable-subtitle stk-block-subtitle stk-block stk-160730e\" data-block-id=\"160730e\"><style>.stk-160730e .stk-block-subtitle__text{color:var(--theme-palette-color-2, #57410b) !important;font-weight:600 !important;letter-spacing:1.4px !important;}<\/style><p class=\"stk-block-subtitle__text stk-subtitle has-text-color has-text-align-left\"><strong>Tosco, Dec 2023, Italy<\/strong><\/p><\/div>\n<\/div><\/div><\/div>\n<\/div><\/div><\/div>\n\n\n\n<div class=\"wp-block-stackable-column stk-block-column stk-column stk-block stk-c07c514\" data-v=\"4\" data-block-id=\"c07c514\"><style>.stk-c07c514-container{margin-right:24px !important;margin-left:12px !important;}<\/style><div class=\"stk-column-wrapper stk-block-column__content stk-container stk-c07c514-container stk--no-background stk--no-padding\"><div class=\"stk-block-content stk-inner-blocks stk-c07c514-inner-blocks\">\n<h4 class=\"wp-block-heading has-text-align-left\" style=\"font-size:clamp(17.905px, 1.119rem + ((1vw - 3.2px) * 0.789), 28px);letter-spacing:1.8px\" data-block-type=\"core\">Amazing stay, great location<\/h4>\n\n\n\n<div class=\"wp-block-stackable-testimonial stk-block-testimonial stk-block stk-1d8a8df is-style-default\" data-v=\"2\" data-block-id=\"1d8a8df\"><div class=\"stk-block-testimonial__content stk-content-align stk-1d8a8df-column stk-container stk-1d8a8df-container stk--no-background stk--no-padding\"><div class=\"stk-block-content stk-inner-blocks has-text-align-center stk-1d8a8df-inner-blocks\">\n<p class=\"has-text-align-left\">&#8220;<em>Gabriella &amp; Rutger were wonderfull hosts and made our holiday even better with their knowledge of the area and places to visit\/events.<\/em><\/p>\n\n\n\n<p class=\"has-text-align-left\"><em>Outstanding B&amp;B with fantastic accommodation and great choice of food for excellent breakfast.<\/em>&#8220;<\/p>\n\n\n\n<div class=\"wp-block-stackable-subtitle stk-block-subtitle stk-block stk-2024091\" data-block-id=\"2024091\"><style>.stk-2024091 .stk-block-subtitle__text{color:var(--theme-palette-color-2, #57410b) !important;font-weight:600 !important;letter-spacing:1.4px !important;}<\/style><p class=\"stk-block-subtitle__text stk-subtitle has-text-color has-text-align-left\"><strong><strong>Fam. Stuart, Aug 2024, VK<\/strong><\/strong><\/p><\/div>\n<\/div><\/div><\/div>\n<\/div><\/div><\/div>\n\n\n\n<div class=\"wp-block-stackable-column stk-block-column stk-column stk-block stk-62e77b0\" data-v=\"4\" data-block-id=\"62e77b0\"><style>.stk-62e77b0-container{margin-right:12px !important;margin-left:12px !important;}<\/style><div class=\"stk-column-wrapper stk-block-column__content stk-container stk-62e77b0-container stk--no-background stk--no-padding\"><div class=\"stk-block-content stk-inner-blocks stk-62e77b0-inner-blocks\">\n<h4 class=\"wp-block-heading has-text-align-left\" style=\"font-size:clamp(17.905px, 1.119rem + ((1vw - 3.2px) * 0.789), 28px);letter-spacing:1.8px\" data-block-type=\"core\">Herzhafte Villa<\/h4>\n\n\n\n<div class=\"wp-block-stackable-testimonial stk-block-testimonial stk-block stk-82fc259 is-style-default\" data-v=\"2\" data-block-id=\"82fc259\"><div class=\"stk-block-testimonial__content stk-content-align stk-82fc259-column stk-container stk-82fc259-container stk--no-background stk--no-padding\"><div class=\"stk-block-content stk-inner-blocks has-text-align-center stk-82fc259-inner-blocks\">\n<p class=\"has-text-align-left\">&#8220;<em>Man f\u00fchlte sich von Rutger und Gabriella von herzen aufgenommen. Wir hatten sehr viel Spa\u00df mit ihnen, Sie halfen uns wo sie konnten, kannten sich in der Gegend perfekt aus und hatten auch super Ratschl\u00e4ge f\u00fcr tolle Ausfl\u00fcge. Wir werden auf jeden fall noch eimal vorbeischauen.<\/em>&#8220;<\/p>\n\n\n\n<div class=\"wp-block-stackable-subtitle stk-block-subtitle stk-block stk-daf25d6\" id=\"name\" data-block-id=\"daf25d6\"><style>.stk-daf25d6 .stk-block-subtitle__text{color:var(--theme-palette-color-2, #57410b) !important;font-weight:600 !important;letter-spacing:1.4px !important;}<\/style><p class=\"stk-block-subtitle__text stk-subtitle has-text-color has-text-align-left\"><strong><strong>Haidenberger-Zeiner, Aug 2024, Austria<\/strong><\/strong><\/p><\/div>\n<\/div><\/div><\/div>\n<\/div><\/div><\/div>\n<\/div><\/div>\n<\/div><\/div><\/div>\n<\/div><\/div>\n\n\n\n<div class=\"wp-block-stackable-spacer stk-block-spacer stk--no-padding stk-block stk-3ec9e5f\" data-block-id=\"3ec9e5f\"><style>.stk-3ec9e5f {height:50px !important;}<\/style><\/div>\n","protected":false},"excerpt":{"rendered":"<p>La Villa Il BnB Villa Giulia \u00e8 un\u2019incantevole costruzione in stile liberty costruita intorno al 1920 e completamente rinnovata nel 2023. \u00c8 situata davanti alla pittoresca Pineta di Ponente, una magnifica foresta di pini marittimi che offre varie attivit\u00e0 estive per i bambini, noleggi di biciclette, ristoranti, bar e mercatini occasionali. La Villa \u00e8 a [&hellip;]<\/p>\n","protected":false},"author":1,"featured_media":0,"parent":0,"menu_order":0,"comment_status":"closed","ping_status":"closed","template":"","meta":{"footnotes":""},"class_list":["post-2141","page","type-page","status-publish","hentry"],"blocksy_meta":{"styles_descriptor":{"styles":{"desktop":"","tablet":"","mobile":""},"google_fonts":[],"version":6}},"yoast_head":"<!-- This site is optimized with the Yoast SEO plugin v27.4 - https:\/\/yoast.com\/product\/yoast-seo-wordpress\/ -->\n<title>Villa Giulia - Villa Giulia BnB<\/title>\n<meta name=\"robots\" content=\"index, follow, max-snippet:-1, max-image-preview:large, max-video-preview:-1\" \/>\n<link rel=\"canonical\" href=\"https:\/\/villagiuliabnb.com\/it\/villa-giulia\" \/>\n<meta property=\"og:locale\" content=\"it_IT\" \/>\n<meta property=\"og:type\" content=\"article\" \/>\n<meta property=\"og:title\" content=\"Villa Giulia - Villa Giulia BnB\" \/>\n<meta property=\"og:description\" content=\"La Villa Il BnB Villa Giulia \u00e8 un\u2019incantevole costruzione in stile liberty costruita intorno al 1920 e completamente rinnovata nel 2023. \u00c8 situata davanti alla pittoresca Pineta di Ponente, una magnifica foresta di pini marittimi che offre varie attivit\u00e0 estive per i bambini, noleggi di biciclette, ristoranti, bar e mercatini occasionali. La Villa \u00e8 a [&hellip;]\" \/>\n<meta property=\"og:url\" content=\"https:\/\/villagiuliabnb.com\/it\/villa-giulia\" \/>\n<meta property=\"og:site_name\" content=\"Villa Giulia BnB\" \/>\n<meta property=\"article:modified_time\" content=\"2024-12-15T21:10:09+00:00\" \/>\n<meta property=\"og:image\" content=\"https:\/\/villagiuliabnb.com\/wp-content\/uploads\/Villa_Giulia_fuori.jpg\" \/>\n\t<meta property=\"og:image:width\" content=\"1280\" \/>\n\t<meta property=\"og:image:height\" content=\"1032\" \/>\n\t<meta property=\"og:image:type\" content=\"image\/jpeg\" \/>\n<meta name=\"twitter:card\" content=\"summary_large_image\" \/>\n<meta name=\"twitter:label1\" content=\"Tempo di lettura stimato\" \/>\n\t<meta name=\"twitter:data1\" content=\"3 minuti\" \/>\n<script type=\"application\/ld+json\" class=\"yoast-schema-graph\">{\"@context\":\"https:\\\/\\\/schema.org\",\"@graph\":[{\"@type\":\"WebPage\",\"@id\":\"https:\\\/\\\/villagiuliabnb.com\\\/it\\\/villa-giulia\",\"url\":\"https:\\\/\\\/villagiuliabnb.com\\\/it\\\/villa-giulia\",\"name\":\"Villa Giulia - Villa Giulia BnB\",\"isPartOf\":{\"@id\":\"https:\\\/\\\/villagiuliabnb.com\\\/it\\\/#website\"},\"primaryImageOfPage\":{\"@id\":\"https:\\\/\\\/villagiuliabnb.com\\\/it\\\/villa-giulia#primaryimage\"},\"image\":{\"@id\":\"https:\\\/\\\/villagiuliabnb.com\\\/it\\\/villa-giulia#primaryimage\"},\"thumbnailUrl\":\"https:\\\/\\\/villagiuliabnb.com\\\/wp-content\\\/uploads\\\/\\\/Villa_Giulia_fuori-1240x1000.jpg\",\"datePublished\":\"2022-01-19T09:40:52+00:00\",\"dateModified\":\"2024-12-15T21:10:09+00:00\",\"breadcrumb\":{\"@id\":\"https:\\\/\\\/villagiuliabnb.com\\\/it\\\/villa-giulia#breadcrumb\"},\"inLanguage\":\"it-IT\",\"potentialAction\":[{\"@type\":\"ReadAction\",\"target\":[\"https:\\\/\\\/villagiuliabnb.com\\\/it\\\/villa-giulia\"]}]},{\"@type\":\"ImageObject\",\"inLanguage\":\"it-IT\",\"@id\":\"https:\\\/\\\/villagiuliabnb.com\\\/it\\\/villa-giulia#primaryimage\",\"url\":\"https:\\\/\\\/villagiuliabnb.com\\\/wp-content\\\/uploads\\\/\\\/Villa_Giulia_fuori-1240x1000.jpg\",\"contentUrl\":\"https:\\\/\\\/villagiuliabnb.com\\\/wp-content\\\/uploads\\\/\\\/Villa_Giulia_fuori-1240x1000.jpg\"},{\"@type\":\"BreadcrumbList\",\"@id\":\"https:\\\/\\\/villagiuliabnb.com\\\/it\\\/villa-giulia#breadcrumb\",\"itemListElement\":[{\"@type\":\"ListItem\",\"position\":1,\"name\":\"Home\",\"item\":\"https:\\\/\\\/villagiuliabnb.com\\\/it\"},{\"@type\":\"ListItem\",\"position\":2,\"name\":\"Villa Giulia\"}]},{\"@type\":\"WebSite\",\"@id\":\"https:\\\/\\\/villagiuliabnb.com\\\/it\\\/#website\",\"url\":\"https:\\\/\\\/villagiuliabnb.com\\\/it\\\/\",\"name\":\"Villa Giulia BnB\",\"description\":\"Welcome to your Holidays\",\"publisher\":{\"@id\":\"https:\\\/\\\/villagiuliabnb.com\\\/it\\\/#organization\"},\"potentialAction\":[{\"@type\":\"SearchAction\",\"target\":{\"@type\":\"EntryPoint\",\"urlTemplate\":\"https:\\\/\\\/villagiuliabnb.com\\\/it\\\/?s={search_term_string}\"},\"query-input\":{\"@type\":\"PropertyValueSpecification\",\"valueRequired\":true,\"valueName\":\"search_term_string\"}}],\"inLanguage\":\"it-IT\"},{\"@type\":\"Organization\",\"@id\":\"https:\\\/\\\/villagiuliabnb.com\\\/it\\\/#organization\",\"name\":\"Villa Giulia BnB\",\"url\":\"https:\\\/\\\/villagiuliabnb.com\\\/it\\\/\",\"logo\":{\"@type\":\"ImageObject\",\"inLanguage\":\"it-IT\",\"@id\":\"https:\\\/\\\/villagiuliabnb.com\\\/it\\\/#\\\/schema\\\/logo\\\/image\\\/\",\"url\":\"https:\\\/\\\/villagiuliabnb.com\\\/wp-content\\\/uploads\\\/Logo-Villa-Giulia-Art-Niveau.png\",\"contentUrl\":\"https:\\\/\\\/villagiuliabnb.com\\\/wp-content\\\/uploads\\\/Logo-Villa-Giulia-Art-Niveau.png\",\"width\":2275,\"height\":2154,\"caption\":\"Villa Giulia BnB\"},\"image\":{\"@id\":\"https:\\\/\\\/villagiuliabnb.com\\\/it\\\/#\\\/schema\\\/logo\\\/image\\\/\"}}]}<\/script>\n<!-- \/ Yoast SEO plugin. -->","yoast_head_json":{"title":"Villa Giulia - Villa Giulia BnB","robots":{"index":"index","follow":"follow","max-snippet":"max-snippet:-1","max-image-preview":"max-image-preview:large","max-video-preview":"max-video-preview:-1"},"canonical":"https:\/\/villagiuliabnb.com\/it\/villa-giulia","og_locale":"it_IT","og_type":"article","og_title":"Villa Giulia - Villa Giulia BnB","og_description":"La Villa Il BnB Villa Giulia \u00e8 un\u2019incantevole costruzione in stile liberty costruita intorno al 1920 e completamente rinnovata nel 2023. \u00c8 situata davanti alla pittoresca Pineta di Ponente, una magnifica foresta di pini marittimi che offre varie attivit\u00e0 estive per i bambini, noleggi di biciclette, ristoranti, bar e mercatini occasionali. La Villa \u00e8 a [&hellip;]","og_url":"https:\/\/villagiuliabnb.com\/it\/villa-giulia","og_site_name":"Villa Giulia BnB","article_modified_time":"2024-12-15T21:10:09+00:00","og_image":[{"width":1280,"height":1032,"url":"https:\/\/villagiuliabnb.com\/wp-content\/uploads\/Villa_Giulia_fuori.jpg","type":"image\/jpeg"}],"twitter_card":"summary_large_image","twitter_misc":{"Tempo di lettura stimato":"3 minuti"},"schema":{"@context":"https:\/\/schema.org","@graph":[{"@type":"WebPage","@id":"https:\/\/villagiuliabnb.com\/it\/villa-giulia","url":"https:\/\/villagiuliabnb.com\/it\/villa-giulia","name":"Villa Giulia - Villa Giulia BnB","isPartOf":{"@id":"https:\/\/villagiuliabnb.com\/it\/#website"},"primaryImageOfPage":{"@id":"https:\/\/villagiuliabnb.com\/it\/villa-giulia#primaryimage"},"image":{"@id":"https:\/\/villagiuliabnb.com\/it\/villa-giulia#primaryimage"},"thumbnailUrl":"https:\/\/villagiuliabnb.com\/wp-content\/uploads\/\/Villa_Giulia_fuori-1240x1000.jpg","datePublished":"2022-01-19T09:40:52+00:00","dateModified":"2024-12-15T21:10:09+00:00","breadcrumb":{"@id":"https:\/\/villagiuliabnb.com\/it\/villa-giulia#breadcrumb"},"inLanguage":"it-IT","potentialAction":[{"@type":"ReadAction","target":["https:\/\/villagiuliabnb.com\/it\/villa-giulia"]}]},{"@type":"ImageObject","inLanguage":"it-IT","@id":"https:\/\/villagiuliabnb.com\/it\/villa-giulia#primaryimage","url":"https:\/\/villagiuliabnb.com\/wp-content\/uploads\/\/Villa_Giulia_fuori-1240x1000.jpg","contentUrl":"https:\/\/villagiuliabnb.com\/wp-content\/uploads\/\/Villa_Giulia_fuori-1240x1000.jpg"},{"@type":"BreadcrumbList","@id":"https:\/\/villagiuliabnb.com\/it\/villa-giulia#breadcrumb","itemListElement":[{"@type":"ListItem","position":1,"name":"Home","item":"https:\/\/villagiuliabnb.com\/it"},{"@type":"ListItem","position":2,"name":"Villa Giulia"}]},{"@type":"WebSite","@id":"https:\/\/villagiuliabnb.com\/it\/#website","url":"https:\/\/villagiuliabnb.com\/it\/","name":"Villa Giulia BnB","description":"Welcome to your Holidays","publisher":{"@id":"https:\/\/villagiuliabnb.com\/it\/#organization"},"potentialAction":[{"@type":"SearchAction","target":{"@type":"EntryPoint","urlTemplate":"https:\/\/villagiuliabnb.com\/it\/?s={search_term_string}"},"query-input":{"@type":"PropertyValueSpecification","valueRequired":true,"valueName":"search_term_string"}}],"inLanguage":"it-IT"},{"@type":"Organization","@id":"https:\/\/villagiuliabnb.com\/it\/#organization","name":"Villa Giulia BnB","url":"https:\/\/villagiuliabnb.com\/it\/","logo":{"@type":"ImageObject","inLanguage":"it-IT","@id":"https:\/\/villagiuliabnb.com\/it\/#\/schema\/logo\/image\/","url":"https:\/\/villagiuliabnb.com\/wp-content\/uploads\/Logo-Villa-Giulia-Art-Niveau.png","contentUrl":"https:\/\/villagiuliabnb.com\/wp-content\/uploads\/Logo-Villa-Giulia-Art-Niveau.png","width":2275,"height":2154,"caption":"Villa Giulia BnB"},"image":{"@id":"https:\/\/villagiuliabnb.com\/it\/#\/schema\/logo\/image\/"}}]}},"_links":{"self":[{"href":"https:\/\/villagiuliabnb.com\/it\/wp-json\/wp\/v2\/pages\/2141","targetHints":{"allow":["GET"]}}],"collection":[{"href":"https:\/\/villagiuliabnb.com\/it\/wp-json\/wp\/v2\/pages"}],"about":[{"href":"https:\/\/villagiuliabnb.com\/it\/wp-json\/wp\/v2\/types\/page"}],"author":[{"embeddable":true,"href":"https:\/\/villagiuliabnb.com\/it\/wp-json\/wp\/v2\/users\/1"}],"replies":[{"embeddable":true,"href":"https:\/\/villagiuliabnb.com\/it\/wp-json\/wp\/v2\/comments?post=2141"}],"version-history":[{"count":5,"href":"https:\/\/villagiuliabnb.com\/it\/wp-json\/wp\/v2\/pages\/2141\/revisions"}],"predecessor-version":[{"id":4233,"href":"https:\/\/villagiuliabnb.com\/it\/wp-json\/wp\/v2\/pages\/2141\/revisions\/4233"}],"wp:attachment":[{"href":"https:\/\/villagiuliabnb.com\/it\/wp-json\/wp\/v2\/media?parent=2141"}],"curies":[{"name":"wp","href":"https:\/\/api.w.org\/{rel}","templated":true}]}}