{"id":4183,"date":"2023-12-13T10:21:14","date_gmt":"2023-12-13T10:21:14","guid":{"rendered":"https:\/\/villagiuliabnb.com\/?page_id=4183"},"modified":"2024-12-16T15:34:20","modified_gmt":"2024-12-16T15:34:20","slug":"privacy-policy","status":"publish","type":"page","link":"https:\/\/villagiuliabnb.com\/de\/privacy-policy","title":{"rendered":"Datenschutzrichtlinie"},"content":{"rendered":"\n<div class=\"wp-block-stackable-columns stk-block-columns stk-block stk-8ed1d83\" data-block-id=\"8ed1d83\"><div class=\"stk-row stk-inner-blocks stk-block-content stk-content-align stk-8ed1d83-column\">\n<div class=\"wp-block-stackable-column stk-block-column stk-column stk-block stk-cdded65\" data-v=\"4\" data-block-id=\"cdded65\"><style>@media screen and (min-width:690px){.stk-cdded65 {flex:var(--stk-flex-grow, 1) 1 66.7% !important;}}<\/style><div class=\"stk-column-wrapper stk-block-column__content stk-container stk-cdded65-container stk--no-background stk--no-padding\"><div class=\"stk-block-content stk-inner-blocks stk-cdded65-inner-blocks\">\n<p>Lieber Nutzer,<\/p>\n\n\n\n<p>Villa Giulia BnB sch\u00fctzt Ihre Privatsph\u00e4re. Gem\u00e4\u00df Art. 13 des Datenschutzgesetzes (Gesetzesdekret 196 vom 30. Juni 2003). Nachfolgend informieren wir Sie \u00fcber die Verarbeitung personenbezogener Daten der Nutzer (im Folgenden \u201e<strong>Nutzer<\/strong>\u201c). Wer mit dieser Internetseite (im Folgenden die \u201e<strong>Website<\/strong>\u201c) interagiert.<\/p>\n\n\n\n<h3 class=\"wp-block-heading\" data-block-type=\"core\">1. Verantwortlicher f\u00fcr die Datenverarbeitung<\/h3>\n\n\n\n<p>Der Datenverantwortliche f\u00fcr die personenbezogenen Daten der Benutzer der Website ist Red &amp; White di Gabriella Bossuto &amp; Co. S.A.S. mit Sitz in Viale Michelangelo Buonarroti 155 in Viareggio.<\/p>\n\n\n\n<h3 class=\"wp-block-heading\" data-block-type=\"core\">2. Zweck der Datenverarbeitung<\/h3>\n\n\n\n<p>Um das Surferlebnis zu verbessern und auf alle Anfragen und Mitteilungen von Benutzern zu reagieren.<\/p>\n\n\n\n<h3 class=\"wp-block-heading\" data-block-type=\"core\">3. Arten der verarbeiteten Daten<\/h3>\n\n\n\n<p><br><strong>Navigationsdaten:<\/strong> Die zum Betrieb dieser Website verwendeten Computersysteme und Softwareverfahren erfassen.<\/p>\n\n\n\n<p>Zu dieser Datenkategorie geh\u00f6ren die IP-Adressen oder Dom\u00e4nennamen der Computer, die von den Benutzern verwendet werden, die eine Verbindung zur Website herstellen. Die Adressen in URI-Notation (Uniform Resource Identifier) \u200b\u200bder angeforderten Ressourcen. Der Zeitpunkt der Anfrage. Die Methode, die zum Senden der Anfrage an den Server verwendet wird. Die Gr\u00f6\u00dfe der als Antwort erhaltenen Datei. Und andere Parameter, die sich auf das Betriebssystem und die IT-Umgebung des Benutzers beziehen.<\/p>\n\n\n\n<p><strong>Von Benutzern freiwillig bereitgestellte Daten:<\/strong> optional. Die ausdr\u00fcckliche und freiwillige \u00dcbermittlung von Daten in Web- oder E-Mail-Formularen an die auf dieser Website angegebenen Adressen erfordert die anschlie\u00dfende Erfassung der Absenderadresse. Notwendig, um auf Anfragen zu antworten, sowie alle anderen in der Nachricht enthaltenen personenbezogenen Daten<\/p>\n\n\n\n<h3 class=\"wp-block-heading\" data-block-type=\"core\">4. Freiwilligkeit der Datenbereitstellung<\/h3>\n\n\n\n<p>Abgesehen von den Angaben zu Navigationsdaten steht es dem Nutzer frei, seine pers\u00f6nlichen Daten anzugeben, um die Zusendung von Informationsmaterial oder anderen Mitteilungen anzufordern.<\/p>\n\n\n\n<h3 class=\"wp-block-heading\" data-block-type=\"core\">5. Datenverarbeitung methode<\/h3>\n\n\n\n<p>Die Verarbeitung erfolgt mithilfe automatisierter Tools (z. B. unter Verwendung elektronischer Verfahren und Hilfsmittel) und\/oder manuell (z. B. auf Papiertr\u00e4gern) f\u00fcr den Zeitraum, der unbedingt erforderlich ist, um die Zwecke zu erreichen, f\u00fcr die die Daten erhoben wurden, und in jedem Fall unter Einhaltung der geltenden gesetzlichen Bestimmungen. Zur Vermeidung von Datenverlusten werden besondere Sicherheitsma\u00dfnahmen beachtet. Unerlaubte oder falsche Nutzung und unbefugter Zugriff.<\/p>\n\n\n\n<h3 class=\"wp-block-heading\" data-block-type=\"core\">6. Wietergabe von Daten an Dritte<\/h3>\n\n\n\n<p>Unbeschadet einer Verarbeitung durch von Red &amp; White di Gabriella Bossuto &amp; Co. S.A.S. beauftragte Dritte. f\u00fcr die Verwaltung der Website, ordnungsgem\u00e4\u00df als externe Datenverantwortliche ernannt. verbreitet.<\/p>\n\n\n\n<h3 class=\"wp-block-heading\" data-block-type=\"core\">7. Ihre Rechte (art. 7 of Legislative Decree 196\/03)<\/h3>\n\n\n\n<p>Sie haben jederzeit das Recht, eine Best\u00e4tigung \u00fcber die Existenz Ihrer Daten zu erhalten und deren Inhalt und Herkunft zu erfahren, ihre Richtigkeit zu \u00fcberpr\u00fcfen oder deren Erg\u00e4nzung, Aktualisierung oder Berichtigung zu verlangen. Gem\u00e4\u00df dem gleichen Artikel. Sie haben das Recht, die L\u00f6schung, die Anonymisierung oder die Sperrung rechtswidrig verarbeiteter Daten zu verlangen und in jedem Fall Widerspruch einzulegen. Aus legitimen Gr\u00fcnden ihre Verarbeitung.<\/p>\n\n\n\n<p>Anfragen sind an das Kundenb\u00fcro von Red &amp; White di Gabriella Bossuto &amp; Co. S.A.S. zu richten. Viale Michelangelo Buonarroti 155 55049 Viareggio<\/p>\n\n\n\n<h3 class=\"wp-block-heading\" data-block-type=\"core\">8. Links zu anderen Websites<\/h3>\n\n\n\n<p>Diese Datenschutzrichtlinie bezieht sich ausschlie\u00dflich auf die Website. Die Website enth\u00e4lt Links zu Websites Dritter, zu denen Red &amp; White di Gabriella Bossuto &amp; Co. S.A.S. \u00fcbt keinerlei Kontrolle aus. Rot &amp; Wei\u00df von Gabriella Bossuto &amp; Co.<\/p>\n\n\n\n<h3 class=\"wp-block-heading\" data-block-type=\"core\">N\u00fctzliche Kontakte<\/h3>\n\n\n\n<p>Red &amp; White by Gabriella Bossuto &amp; Co. S.A.S.<br>Telephone: +39 333 46 69 755<br>Email: villagiuliabnb@gmail.com<br>Certified e-mail: redwhite@pecaruba.it<br>Ordinary mail: Viale Michelangelo Buonarroti 155 55049 Viareggio<\/p>\n\n\n\n<p><\/p>\n<\/div><\/div><\/div>\n\n\n\n<div class=\"wp-block-stackable-column stk-block-column stk-column stk-block stk-f1fcd2f\" data-v=\"4\" data-block-id=\"f1fcd2f\"><style>@media screen and (min-width:690px){.stk-f1fcd2f {flex:var(--stk-flex-grow, 1) 1 33.3% !important;}}<\/style><div class=\"stk-column-wrapper stk-block-column__content stk-container stk-f1fcd2f-container stk--no-background stk--no-padding\"><div class=\"stk-block-content stk-inner-blocks stk-f1fcd2f-inner-blocks\"><\/div><\/div><\/div>\n<\/div><\/div>\n\n\n\n<p><\/p>\n","protected":false},"excerpt":{"rendered":"<p>Lieber Nutzer, Villa Giulia BnB sch\u00fctzt Ihre Privatsph\u00e4re. Gem\u00e4\u00df Art. 13 des Datenschutzgesetzes (Gesetzesdekret 196 vom 30. Juni 2003). Nachfolgend informieren wir Sie \u00fcber die Verarbeitung personenbezogener Daten der Nutzer (im Folgenden \u201eNutzer\u201c). Wer mit dieser Internetseite (im Folgenden die \u201eWebsite\u201c) interagiert. 1. Verantwortlicher f\u00fcr die Datenverarbeitung Der Datenverantwortliche f\u00fcr die personenbezogenen Daten der Benutzer [&hellip;]<\/p>\n","protected":false},"author":1,"featured_media":0,"parent":0,"menu_order":0,"comment_status":"closed","ping_status":"closed","template":"","meta":{"footnotes":""},"class_list":["post-4183","page","type-page","status-publish","hentry"],"blocksy_meta":[],"yoast_head":"<!-- This site is optimized with the Yoast SEO plugin v27.4 - https:\/\/yoast.com\/product\/yoast-seo-wordpress\/ -->\n<title>Datenschutzrichtlinie - Villa Giulia BnB<\/title>\n<meta name=\"robots\" content=\"index, follow, max-snippet:-1, max-image-preview:large, max-video-preview:-1\" \/>\n<link rel=\"canonical\" href=\"https:\/\/villagiuliabnb.com\/de\/privacy-policy\" \/>\n<meta property=\"og:locale\" content=\"de_DE\" \/>\n<meta property=\"og:type\" content=\"article\" \/>\n<meta property=\"og:title\" content=\"Datenschutzrichtlinie - Villa Giulia BnB\" \/>\n<meta property=\"og:description\" content=\"Lieber Nutzer, Villa Giulia BnB sch\u00fctzt Ihre Privatsph\u00e4re. Gem\u00e4\u00df Art. 13 des Datenschutzgesetzes (Gesetzesdekret 196 vom 30. Juni 2003). Nachfolgend informieren wir Sie \u00fcber die Verarbeitung personenbezogener Daten der Nutzer (im Folgenden \u201eNutzer\u201c). Wer mit dieser Internetseite (im Folgenden die \u201eWebsite\u201c) interagiert. 1. Verantwortlicher f\u00fcr die Datenverarbeitung Der Datenverantwortliche f\u00fcr die personenbezogenen Daten der Benutzer [&hellip;]\" \/>\n<meta property=\"og:url\" content=\"https:\/\/villagiuliabnb.com\/de\/privacy-policy\" \/>\n<meta property=\"og:site_name\" content=\"Villa Giulia BnB\" \/>\n<meta property=\"article:modified_time\" content=\"2024-12-16T15:34:20+00:00\" \/>\n<meta name=\"twitter:card\" content=\"summary_large_image\" \/>\n<meta name=\"twitter:label1\" content=\"Gesch\u00e4tzte Lesezeit\" \/>\n\t<meta name=\"twitter:data1\" content=\"3\u00a0Minuten\" \/>\n<script type=\"application\/ld+json\" class=\"yoast-schema-graph\">{\"@context\":\"https:\\\/\\\/schema.org\",\"@graph\":[{\"@type\":\"WebPage\",\"@id\":\"https:\\\/\\\/villagiuliabnb.com\\\/de\\\/privacy-policy\",\"url\":\"https:\\\/\\\/villagiuliabnb.com\\\/de\\\/privacy-policy\",\"name\":\"Datenschutzrichtlinie - Villa Giulia BnB\",\"isPartOf\":{\"@id\":\"https:\\\/\\\/villagiuliabnb.com\\\/de#website\"},\"datePublished\":\"2023-12-13T10:21:14+00:00\",\"dateModified\":\"2024-12-16T15:34:20+00:00\",\"breadcrumb\":{\"@id\":\"https:\\\/\\\/villagiuliabnb.com\\\/de\\\/privacy-policy#breadcrumb\"},\"inLanguage\":\"de\",\"potentialAction\":[{\"@type\":\"ReadAction\",\"target\":[\"https:\\\/\\\/villagiuliabnb.com\\\/de\\\/privacy-policy\"]}]},{\"@type\":\"BreadcrumbList\",\"@id\":\"https:\\\/\\\/villagiuliabnb.com\\\/de\\\/privacy-policy#breadcrumb\",\"itemListElement\":[{\"@type\":\"ListItem\",\"position\":1,\"name\":\"Home\",\"item\":\"https:\\\/\\\/villagiuliabnb.com\\\/de\"},{\"@type\":\"ListItem\",\"position\":2,\"name\":\"Datenschutzrichtlinie\"}]},{\"@type\":\"WebSite\",\"@id\":\"https:\\\/\\\/villagiuliabnb.com\\\/de#website\",\"url\":\"https:\\\/\\\/villagiuliabnb.com\\\/de\",\"name\":\"Villa Giulia BnB\",\"description\":\"Welcome to your Holidays\",\"publisher\":{\"@id\":\"https:\\\/\\\/villagiuliabnb.com\\\/de#organization\"},\"potentialAction\":[{\"@type\":\"SearchAction\",\"target\":{\"@type\":\"EntryPoint\",\"urlTemplate\":\"https:\\\/\\\/villagiuliabnb.com\\\/de?s={search_term_string}\"},\"query-input\":{\"@type\":\"PropertyValueSpecification\",\"valueRequired\":true,\"valueName\":\"search_term_string\"}}],\"inLanguage\":\"de\"},{\"@type\":\"Organization\",\"@id\":\"https:\\\/\\\/villagiuliabnb.com\\\/de#organization\",\"name\":\"Villa Giulia BnB\",\"url\":\"https:\\\/\\\/villagiuliabnb.com\\\/de\",\"logo\":{\"@type\":\"ImageObject\",\"inLanguage\":\"de\",\"@id\":\"https:\\\/\\\/villagiuliabnb.com\\\/de#\\\/schema\\\/logo\\\/image\\\/\",\"url\":\"https:\\\/\\\/villagiuliabnb.com\\\/wp-content\\\/uploads\\\/Logo-Villa-Giulia-Art-Niveau.png\",\"contentUrl\":\"https:\\\/\\\/villagiuliabnb.com\\\/wp-content\\\/uploads\\\/Logo-Villa-Giulia-Art-Niveau.png\",\"width\":2275,\"height\":2154,\"caption\":\"Villa Giulia BnB\"},\"image\":{\"@id\":\"https:\\\/\\\/villagiuliabnb.com\\\/de#\\\/schema\\\/logo\\\/image\\\/\"}}]}<\/script>\n<!-- \/ Yoast SEO plugin. -->","yoast_head_json":{"title":"Datenschutzrichtlinie - Villa Giulia BnB","robots":{"index":"index","follow":"follow","max-snippet":"max-snippet:-1","max-image-preview":"max-image-preview:large","max-video-preview":"max-video-preview:-1"},"canonical":"https:\/\/villagiuliabnb.com\/de\/privacy-policy","og_locale":"de_DE","og_type":"article","og_title":"Datenschutzrichtlinie - Villa Giulia BnB","og_description":"Lieber Nutzer, Villa Giulia BnB sch\u00fctzt Ihre Privatsph\u00e4re. Gem\u00e4\u00df Art. 13 des Datenschutzgesetzes (Gesetzesdekret 196 vom 30. Juni 2003). Nachfolgend informieren wir Sie \u00fcber die Verarbeitung personenbezogener Daten der Nutzer (im Folgenden \u201eNutzer\u201c). Wer mit dieser Internetseite (im Folgenden die \u201eWebsite\u201c) interagiert. 1. Verantwortlicher f\u00fcr die Datenverarbeitung Der Datenverantwortliche f\u00fcr die personenbezogenen Daten der Benutzer [&hellip;]","og_url":"https:\/\/villagiuliabnb.com\/de\/privacy-policy","og_site_name":"Villa Giulia BnB","article_modified_time":"2024-12-16T15:34:20+00:00","twitter_card":"summary_large_image","twitter_misc":{"Gesch\u00e4tzte Lesezeit":"3\u00a0Minuten"},"schema":{"@context":"https:\/\/schema.org","@graph":[{"@type":"WebPage","@id":"https:\/\/villagiuliabnb.com\/de\/privacy-policy","url":"https:\/\/villagiuliabnb.com\/de\/privacy-policy","name":"Datenschutzrichtlinie - Villa Giulia BnB","isPartOf":{"@id":"https:\/\/villagiuliabnb.com\/de#website"},"datePublished":"2023-12-13T10:21:14+00:00","dateModified":"2024-12-16T15:34:20+00:00","breadcrumb":{"@id":"https:\/\/villagiuliabnb.com\/de\/privacy-policy#breadcrumb"},"inLanguage":"de","potentialAction":[{"@type":"ReadAction","target":["https:\/\/villagiuliabnb.com\/de\/privacy-policy"]}]},{"@type":"BreadcrumbList","@id":"https:\/\/villagiuliabnb.com\/de\/privacy-policy#breadcrumb","itemListElement":[{"@type":"ListItem","position":1,"name":"Home","item":"https:\/\/villagiuliabnb.com\/de"},{"@type":"ListItem","position":2,"name":"Datenschutzrichtlinie"}]},{"@type":"WebSite","@id":"https:\/\/villagiuliabnb.com\/de#website","url":"https:\/\/villagiuliabnb.com\/de","name":"Villa Giulia BnB","description":"Welcome to your Holidays","publisher":{"@id":"https:\/\/villagiuliabnb.com\/de#organization"},"potentialAction":[{"@type":"SearchAction","target":{"@type":"EntryPoint","urlTemplate":"https:\/\/villagiuliabnb.com\/de?s={search_term_string}"},"query-input":{"@type":"PropertyValueSpecification","valueRequired":true,"valueName":"search_term_string"}}],"inLanguage":"de"},{"@type":"Organization","@id":"https:\/\/villagiuliabnb.com\/de#organization","name":"Villa Giulia BnB","url":"https:\/\/villagiuliabnb.com\/de","logo":{"@type":"ImageObject","inLanguage":"de","@id":"https:\/\/villagiuliabnb.com\/de#\/schema\/logo\/image\/","url":"https:\/\/villagiuliabnb.com\/wp-content\/uploads\/Logo-Villa-Giulia-Art-Niveau.png","contentUrl":"https:\/\/villagiuliabnb.com\/wp-content\/uploads\/Logo-Villa-Giulia-Art-Niveau.png","width":2275,"height":2154,"caption":"Villa Giulia BnB"},"image":{"@id":"https:\/\/villagiuliabnb.com\/de#\/schema\/logo\/image\/"}}]}},"_links":{"self":[{"href":"https:\/\/villagiuliabnb.com\/de\/wp-json\/wp\/v2\/pages\/4183","targetHints":{"allow":["GET"]}}],"collection":[{"href":"https:\/\/villagiuliabnb.com\/de\/wp-json\/wp\/v2\/pages"}],"about":[{"href":"https:\/\/villagiuliabnb.com\/de\/wp-json\/wp\/v2\/types\/page"}],"author":[{"embeddable":true,"href":"https:\/\/villagiuliabnb.com\/de\/wp-json\/wp\/v2\/users\/1"}],"replies":[{"embeddable":true,"href":"https:\/\/villagiuliabnb.com\/de\/wp-json\/wp\/v2\/comments?post=4183"}],"version-history":[{"count":4,"href":"https:\/\/villagiuliabnb.com\/de\/wp-json\/wp\/v2\/pages\/4183\/revisions"}],"predecessor-version":[{"id":4248,"href":"https:\/\/villagiuliabnb.com\/de\/wp-json\/wp\/v2\/pages\/4183\/revisions\/4248"}],"wp:attachment":[{"href":"https:\/\/villagiuliabnb.com\/de\/wp-json\/wp\/v2\/media?parent=4183"}],"curies":[{"name":"wp","href":"https:\/\/api.w.org\/{rel}","templated":true}]}}