{"id":3313,"date":"2024-01-20T10:30:59","date_gmt":"2024-01-20T10:30:59","guid":{"rendered":"https:\/\/villagiuliabnb.com\/?page_id=3313"},"modified":"2024-12-17T12:06:20","modified_gmt":"2024-12-17T12:06:20","slug":"viareggio-and-toscany","status":"publish","type":"page","link":"https:\/\/villagiuliabnb.com\/de\/viareggio-and-toscany","title":{"rendered":"Viareggio und die Toskana\u00a0"},"content":{"rendered":"\n<div class=\"wp-block-media-text is-stacked-on-mobile\" data-block-type=\"core\"><figure class=\"wp-block-media-text__media\"><img loading=\"lazy\" decoding=\"async\" width=\"1046\" height=\"693\" src=\"https:\/\/villagiuliabnb.com\/wp-content\/uploads\/Viareggio_02.png\" alt=\"\" class=\"wp-image-847 size-full\" srcset=\"https:\/\/villagiuliabnb.com\/wp-content\/uploads\/Viareggio_02.png 1046w, https:\/\/villagiuliabnb.com\/wp-content\/uploads\/Viareggio_02-700x464.png 700w, https:\/\/villagiuliabnb.com\/wp-content\/uploads\/Viareggio_02-768x509.png 768w\" sizes=\"auto, (max-width: 1046px) 100vw, 1046px\" \/><\/figure><div class=\"wp-block-media-text__content\">\n<p><strong>Viareggio:<\/strong> Wo auf der einen Seite das Meer und auf der anderen die wei\u00dfen Gipfel der Apuanischen Alpen liegen. Hat jeder schon einmal einen klassischen Schnappschuss von Viareggio gesehen?<\/p>\n\n\n\n<p>Menschen, die durch die engen Gassen des Zentrums schlendern, ein Eis im Pineta (Kiefernwald) genie\u00dfen, einen Ausflug ans Meer im <strong>Darsena<\/strong>-Viertel unternehmen oder, noch weiter gehend, zum unber\u00fchrtesten Teil des Strandes gehen, dem <strong>Lecciona<\/strong> (der ist fast in Torre del Lago) und essen Sie Fisch in einer der typischen Meeresfr\u00fcchte-Trattorien und verbringen Sie den Tag damit, den authentischen Geschmack des Meeres zu genie\u00dfen.<\/p>\n<\/div><\/div>\n\n\n\n<div class=\"wp-block-media-text has-media-on-the-right is-stacked-on-mobile\" data-block-type=\"core\"><div class=\"wp-block-media-text__content\">\n<h3 class=\"wp-block-heading\" data-block-type=\"core\">Etwas Geschichte<\/h3>\n\n\n\n<p>Die wichtigste Stadt der Versilia, die 1820 als Seehafen von Lucca gegr\u00fcndet wurde, verdankt ihren Namen der Via Regia, der Stra\u00dfe aus dem Mittelalter, auf der die Stadt Gestalt annahm.<\/p>\n\n\n\n<p>Doch nur ein paar Jahre sp\u00e4ter, im Jahr 1822, begann Viareggio sein Potenzial als beliebtes Touristenziel unter Beweis zu stellen, als Napoleon Bonapartes Schwester (besser bekannt als Paolina Borghese) beschloss, hier Urlaub zu machen.<\/p>\n\n\n\n<p>Viareggio ist nicht nur f\u00fcr Badeurlauber, sondern auch f\u00fcr Liebhaber der bildenden Kunst ein attraktives Reiseziel. Das Stadtmuseum Villa Paolina und die raffinierte Art-Deco-Architektur, die viele Villen der Stadt charakterisiert, sind ein Muss.<\/p>\n<\/div><figure class=\"wp-block-media-text__media\"><img loading=\"lazy\" decoding=\"async\" width=\"600\" height=\"450\" src=\"https:\/\/villagiuliabnb.com\/wp-content\/uploads\/viareggio-2425193_1920.jpg\" alt=\"\" class=\"wp-image-848 size-full\"\/><\/figure><\/div>\n\n\n\n<div class=\"wp-block-media-text is-stacked-on-mobile\" data-block-type=\"core\"><figure class=\"wp-block-media-text__media\"><img loading=\"lazy\" decoding=\"async\" width=\"1280\" height=\"960\" src=\"https:\/\/villagiuliabnb.com\/wp-content\/uploads\/Villa_Giulia_Musei_Villa_Paolina.jpg\" alt=\"\" class=\"wp-image-1025 size-full\" srcset=\"https:\/\/villagiuliabnb.com\/wp-content\/uploads\/Villa_Giulia_Musei_Villa_Paolina.jpg 1280w, https:\/\/villagiuliabnb.com\/wp-content\/uploads\/Villa_Giulia_Musei_Villa_Paolina-700x525.jpg 700w, https:\/\/villagiuliabnb.com\/wp-content\/uploads\/Villa_Giulia_Musei_Villa_Paolina-768x576.jpg 768w\" sizes=\"auto, (max-width: 1280px) 100vw, 1280px\" \/><\/figure><div class=\"wp-block-media-text__content\">\n<h3 class=\"wp-block-heading\" data-block-type=\"core\">So viel zu sehen und zu tun<\/h3>\n\n\n\n<p>Die Promenade, eine wundersch\u00f6ne Allee am Meer entlang, ist der wahre Kunstschatz der Stadt und pr\u00e4sentiert einige entz\u00fcckende Jugendstil-Designs. Besonders hervorzuheben sind die Villa Argentina und das Caff\u00e8 Margherita, das seit Giacomo Puccinis h\u00e4ufigen Besuchen gr\u00f6\u00dftenteils erhalten geblieben ist.<\/p>\n\n\n\n<p>Auch das Schifffahrtsmuseum im Zentrum ist einen Besuch wert und bietet eine faszinierende M\u00f6glichkeit, das Leben und Werk der Seeleute zu entdecken.<\/p>\n\n\n\n<p>Die Cittadella del Carnevale (Karnevalszitadelle) ist ein gro\u00dfer Stadtpark, der dem historischen Ereignis der Stadt gewidmet ist und in dem Pappmach\u00e9-Meister, die Handwerker aus Viareggio, die riesigen Festwagen des Karnevals von Hand bauen.<\/p>\n<\/div><\/div>\n\n\n\n<div class=\"wp-block-stackable-button-group stk-block-button-group stk-block stk-39f9bb0\" data-block-id=\"39f9bb0\"><style>.stk-39f9bb0 .stk-button-group{flex-direction:row !important;}@media screen and (max-width:999px){.stk-39f9bb0 .stk-button-group{flex-direction:row !important;}}@media screen and (max-width:689px){.stk-39f9bb0 .stk-button-group{flex-direction:row !important;}}<\/style><div class=\"stk-row stk-inner-blocks has-text-align-center stk-block-content stk-button-group\">\n<div class=\"wp-block-stackable-button stk-block-button has-text-align-center stk-block stk-eb3522b\" data-block-id=\"eb3522b\"><a class=\"stk-link stk-button stk--hover-effect-darken\" href=\"https:\/\/villagiuliabnb.com\/de\/unsere-tipps\"><span class=\"stk-button__inner-text\">Read all our tips about Viareggio &amp; Surroundings &gt;&gt;<\/span><\/a><\/div>\n<\/div><\/div>\n\n\n\n<div style=\"height:32px\" aria-hidden=\"true\" class=\"wp-block-spacer\" data-block-type=\"core\"><\/div>\n","protected":false},"excerpt":{"rendered":"<p>Viareggio: Wo auf der einen Seite das Meer und auf der anderen die wei\u00dfen Gipfel der Apuanischen Alpen liegen. Hat jeder schon einmal einen klassischen Schnappschuss von Viareggio gesehen? Menschen, die durch die engen Gassen des Zentrums schlendern, ein Eis im Pineta (Kiefernwald) genie\u00dfen, einen Ausflug ans Meer im Darsena-Viertel unternehmen oder, noch weiter gehend, [&hellip;]<\/p>\n","protected":false},"author":1,"featured_media":0,"parent":0,"menu_order":0,"comment_status":"closed","ping_status":"closed","template":"","meta":{"footnotes":""},"class_list":["post-3313","page","type-page","status-publish","hentry"],"blocksy_meta":[],"yoast_head":"<!-- This site is optimized with the Yoast SEO plugin v27.4 - https:\/\/yoast.com\/product\/yoast-seo-wordpress\/ -->\n<title>Viareggio und die Toskana\u00a0 - Villa Giulia BnB<\/title>\n<meta name=\"robots\" content=\"index, follow, max-snippet:-1, max-image-preview:large, max-video-preview:-1\" \/>\n<link rel=\"canonical\" href=\"https:\/\/villagiuliabnb.com\/de\/viareggio-and-toscany\" \/>\n<meta property=\"og:locale\" content=\"de_DE\" \/>\n<meta property=\"og:type\" content=\"article\" \/>\n<meta property=\"og:title\" content=\"Viareggio und die Toskana\u00a0 - Villa Giulia BnB\" \/>\n<meta property=\"og:description\" content=\"Viareggio: Wo auf der einen Seite das Meer und auf der anderen die wei\u00dfen Gipfel der Apuanischen Alpen liegen. Hat jeder schon einmal einen klassischen Schnappschuss von Viareggio gesehen? Menschen, die durch die engen Gassen des Zentrums schlendern, ein Eis im Pineta (Kiefernwald) genie\u00dfen, einen Ausflug ans Meer im Darsena-Viertel unternehmen oder, noch weiter gehend, [&hellip;]\" \/>\n<meta property=\"og:url\" content=\"https:\/\/villagiuliabnb.com\/de\/viareggio-and-toscany\" \/>\n<meta property=\"og:site_name\" content=\"Villa Giulia BnB\" \/>\n<meta property=\"article:modified_time\" content=\"2024-12-17T12:06:20+00:00\" \/>\n<meta property=\"og:image\" content=\"https:\/\/villagiuliabnb.com\/wp-content\/uploads\/Viareggio_02.png\" \/>\n\t<meta property=\"og:image:width\" content=\"1046\" \/>\n\t<meta property=\"og:image:height\" content=\"693\" \/>\n\t<meta property=\"og:image:type\" content=\"image\/png\" \/>\n<meta name=\"twitter:card\" content=\"summary_large_image\" \/>\n<meta name=\"twitter:label1\" content=\"Gesch\u00e4tzte Lesezeit\" \/>\n\t<meta name=\"twitter:data1\" content=\"2\u00a0Minuten\" \/>\n<script type=\"application\/ld+json\" class=\"yoast-schema-graph\">{\"@context\":\"https:\\\/\\\/schema.org\",\"@graph\":[{\"@type\":\"WebPage\",\"@id\":\"https:\\\/\\\/villagiuliabnb.com\\\/de\\\/viareggio-and-toscany\",\"url\":\"https:\\\/\\\/villagiuliabnb.com\\\/de\\\/viareggio-and-toscany\",\"name\":\"Viareggio und die Toskana\u00a0 - Villa Giulia BnB\",\"isPartOf\":{\"@id\":\"https:\\\/\\\/villagiuliabnb.com\\\/de#website\"},\"primaryImageOfPage\":{\"@id\":\"https:\\\/\\\/villagiuliabnb.com\\\/de\\\/viareggio-and-toscany#primaryimage\"},\"image\":{\"@id\":\"https:\\\/\\\/villagiuliabnb.com\\\/de\\\/viareggio-and-toscany#primaryimage\"},\"thumbnailUrl\":\"https:\\\/\\\/villagiuliabnb.com\\\/wp-content\\\/uploads\\\/Viareggio_02.png\",\"datePublished\":\"2024-01-20T10:30:59+00:00\",\"dateModified\":\"2024-12-17T12:06:20+00:00\",\"breadcrumb\":{\"@id\":\"https:\\\/\\\/villagiuliabnb.com\\\/de\\\/viareggio-and-toscany#breadcrumb\"},\"inLanguage\":\"de\",\"potentialAction\":[{\"@type\":\"ReadAction\",\"target\":[\"https:\\\/\\\/villagiuliabnb.com\\\/de\\\/viareggio-and-toscany\"]}]},{\"@type\":\"ImageObject\",\"inLanguage\":\"de\",\"@id\":\"https:\\\/\\\/villagiuliabnb.com\\\/de\\\/viareggio-and-toscany#primaryimage\",\"url\":\"https:\\\/\\\/villagiuliabnb.com\\\/wp-content\\\/uploads\\\/Viareggio_02.png\",\"contentUrl\":\"https:\\\/\\\/villagiuliabnb.com\\\/wp-content\\\/uploads\\\/Viareggio_02.png\"},{\"@type\":\"BreadcrumbList\",\"@id\":\"https:\\\/\\\/villagiuliabnb.com\\\/de\\\/viareggio-and-toscany#breadcrumb\",\"itemListElement\":[{\"@type\":\"ListItem\",\"position\":1,\"name\":\"Home\",\"item\":\"https:\\\/\\\/villagiuliabnb.com\\\/de\"},{\"@type\":\"ListItem\",\"position\":2,\"name\":\"Viareggio und die Toskana\u00a0\"}]},{\"@type\":\"WebSite\",\"@id\":\"https:\\\/\\\/villagiuliabnb.com\\\/de#website\",\"url\":\"https:\\\/\\\/villagiuliabnb.com\\\/de\",\"name\":\"Villa Giulia BnB\",\"description\":\"Welcome to your Holidays\",\"publisher\":{\"@id\":\"https:\\\/\\\/villagiuliabnb.com\\\/de#organization\"},\"potentialAction\":[{\"@type\":\"SearchAction\",\"target\":{\"@type\":\"EntryPoint\",\"urlTemplate\":\"https:\\\/\\\/villagiuliabnb.com\\\/de?s={search_term_string}\"},\"query-input\":{\"@type\":\"PropertyValueSpecification\",\"valueRequired\":true,\"valueName\":\"search_term_string\"}}],\"inLanguage\":\"de\"},{\"@type\":\"Organization\",\"@id\":\"https:\\\/\\\/villagiuliabnb.com\\\/de#organization\",\"name\":\"Villa Giulia BnB\",\"url\":\"https:\\\/\\\/villagiuliabnb.com\\\/de\",\"logo\":{\"@type\":\"ImageObject\",\"inLanguage\":\"de\",\"@id\":\"https:\\\/\\\/villagiuliabnb.com\\\/de#\\\/schema\\\/logo\\\/image\\\/\",\"url\":\"https:\\\/\\\/villagiuliabnb.com\\\/wp-content\\\/uploads\\\/Logo-Villa-Giulia-Art-Niveau.png\",\"contentUrl\":\"https:\\\/\\\/villagiuliabnb.com\\\/wp-content\\\/uploads\\\/Logo-Villa-Giulia-Art-Niveau.png\",\"width\":2275,\"height\":2154,\"caption\":\"Villa Giulia BnB\"},\"image\":{\"@id\":\"https:\\\/\\\/villagiuliabnb.com\\\/de#\\\/schema\\\/logo\\\/image\\\/\"}}]}<\/script>\n<!-- \/ Yoast SEO plugin. -->","yoast_head_json":{"title":"Viareggio und die Toskana\u00a0 - Villa Giulia BnB","robots":{"index":"index","follow":"follow","max-snippet":"max-snippet:-1","max-image-preview":"max-image-preview:large","max-video-preview":"max-video-preview:-1"},"canonical":"https:\/\/villagiuliabnb.com\/de\/viareggio-and-toscany","og_locale":"de_DE","og_type":"article","og_title":"Viareggio und die Toskana\u00a0 - Villa Giulia BnB","og_description":"Viareggio: Wo auf der einen Seite das Meer und auf der anderen die wei\u00dfen Gipfel der Apuanischen Alpen liegen. Hat jeder schon einmal einen klassischen Schnappschuss von Viareggio gesehen? Menschen, die durch die engen Gassen des Zentrums schlendern, ein Eis im Pineta (Kiefernwald) genie\u00dfen, einen Ausflug ans Meer im Darsena-Viertel unternehmen oder, noch weiter gehend, [&hellip;]","og_url":"https:\/\/villagiuliabnb.com\/de\/viareggio-and-toscany","og_site_name":"Villa Giulia BnB","article_modified_time":"2024-12-17T12:06:20+00:00","og_image":[{"width":1046,"height":693,"url":"https:\/\/villagiuliabnb.com\/wp-content\/uploads\/Viareggio_02.png","type":"image\/png"}],"twitter_card":"summary_large_image","twitter_misc":{"Gesch\u00e4tzte Lesezeit":"2\u00a0Minuten"},"schema":{"@context":"https:\/\/schema.org","@graph":[{"@type":"WebPage","@id":"https:\/\/villagiuliabnb.com\/de\/viareggio-and-toscany","url":"https:\/\/villagiuliabnb.com\/de\/viareggio-and-toscany","name":"Viareggio und die Toskana\u00a0 - Villa Giulia BnB","isPartOf":{"@id":"https:\/\/villagiuliabnb.com\/de#website"},"primaryImageOfPage":{"@id":"https:\/\/villagiuliabnb.com\/de\/viareggio-and-toscany#primaryimage"},"image":{"@id":"https:\/\/villagiuliabnb.com\/de\/viareggio-and-toscany#primaryimage"},"thumbnailUrl":"https:\/\/villagiuliabnb.com\/wp-content\/uploads\/Viareggio_02.png","datePublished":"2024-01-20T10:30:59+00:00","dateModified":"2024-12-17T12:06:20+00:00","breadcrumb":{"@id":"https:\/\/villagiuliabnb.com\/de\/viareggio-and-toscany#breadcrumb"},"inLanguage":"de","potentialAction":[{"@type":"ReadAction","target":["https:\/\/villagiuliabnb.com\/de\/viareggio-and-toscany"]}]},{"@type":"ImageObject","inLanguage":"de","@id":"https:\/\/villagiuliabnb.com\/de\/viareggio-and-toscany#primaryimage","url":"https:\/\/villagiuliabnb.com\/wp-content\/uploads\/Viareggio_02.png","contentUrl":"https:\/\/villagiuliabnb.com\/wp-content\/uploads\/Viareggio_02.png"},{"@type":"BreadcrumbList","@id":"https:\/\/villagiuliabnb.com\/de\/viareggio-and-toscany#breadcrumb","itemListElement":[{"@type":"ListItem","position":1,"name":"Home","item":"https:\/\/villagiuliabnb.com\/de"},{"@type":"ListItem","position":2,"name":"Viareggio und die Toskana\u00a0"}]},{"@type":"WebSite","@id":"https:\/\/villagiuliabnb.com\/de#website","url":"https:\/\/villagiuliabnb.com\/de","name":"Villa Giulia BnB","description":"Welcome to your Holidays","publisher":{"@id":"https:\/\/villagiuliabnb.com\/de#organization"},"potentialAction":[{"@type":"SearchAction","target":{"@type":"EntryPoint","urlTemplate":"https:\/\/villagiuliabnb.com\/de?s={search_term_string}"},"query-input":{"@type":"PropertyValueSpecification","valueRequired":true,"valueName":"search_term_string"}}],"inLanguage":"de"},{"@type":"Organization","@id":"https:\/\/villagiuliabnb.com\/de#organization","name":"Villa Giulia BnB","url":"https:\/\/villagiuliabnb.com\/de","logo":{"@type":"ImageObject","inLanguage":"de","@id":"https:\/\/villagiuliabnb.com\/de#\/schema\/logo\/image\/","url":"https:\/\/villagiuliabnb.com\/wp-content\/uploads\/Logo-Villa-Giulia-Art-Niveau.png","contentUrl":"https:\/\/villagiuliabnb.com\/wp-content\/uploads\/Logo-Villa-Giulia-Art-Niveau.png","width":2275,"height":2154,"caption":"Villa Giulia BnB"},"image":{"@id":"https:\/\/villagiuliabnb.com\/de#\/schema\/logo\/image\/"}}]}},"_links":{"self":[{"href":"https:\/\/villagiuliabnb.com\/de\/wp-json\/wp\/v2\/pages\/3313","targetHints":{"allow":["GET"]}}],"collection":[{"href":"https:\/\/villagiuliabnb.com\/de\/wp-json\/wp\/v2\/pages"}],"about":[{"href":"https:\/\/villagiuliabnb.com\/de\/wp-json\/wp\/v2\/types\/page"}],"author":[{"embeddable":true,"href":"https:\/\/villagiuliabnb.com\/de\/wp-json\/wp\/v2\/users\/1"}],"replies":[{"embeddable":true,"href":"https:\/\/villagiuliabnb.com\/de\/wp-json\/wp\/v2\/comments?post=3313"}],"version-history":[{"count":4,"href":"https:\/\/villagiuliabnb.com\/de\/wp-json\/wp\/v2\/pages\/3313\/revisions"}],"predecessor-version":[{"id":4262,"href":"https:\/\/villagiuliabnb.com\/de\/wp-json\/wp\/v2\/pages\/3313\/revisions\/4262"}],"wp:attachment":[{"href":"https:\/\/villagiuliabnb.com\/de\/wp-json\/wp\/v2\/media?parent=3313"}],"curies":[{"name":"wp","href":"https:\/\/api.w.org\/{rel}","templated":true}]}}