{"id":3068,"date":"2022-01-19T09:40:52","date_gmt":"2022-01-19T09:40:52","guid":{"rendered":"https:\/\/villagiuliabnb.com\/?page_id=3068"},"modified":"2024-12-15T21:09:40","modified_gmt":"2024-12-15T21:09:40","slug":"villa-giulia","status":"publish","type":"page","link":"https:\/\/villagiuliabnb.com\/de\/villa-giulia","title":{"rendered":"Villa Giulia"},"content":{"rendered":"\n<div class=\"wp-block-stackable-columns aligncenter stk-block-columns stk-block stk-6ea3751\" data-block-id=\"6ea3751\"><div class=\"stk-row stk-inner-blocks stk-block-content stk-content-align stk-6ea3751-column\">\n<div class=\"wp-block-stackable-column stk-block-column stk-column stk-block stk-395e27f\" data-v=\"4\" data-block-id=\"395e27f\"><div class=\"stk-column-wrapper stk-block-column__content stk-container stk-395e27f-container stk--no-background stk--no-padding\"><div class=\"stk-block-content stk-inner-blocks stk-395e27f-inner-blocks\">\n<div class=\"wp-block-media-text is-stacked-on-mobile is-vertically-aligned-center\" style=\"margin-top:0;margin-right:0;margin-bottom:0;margin-left:0;padding-top:0;padding-right:var(--wp--preset--spacing--20);padding-bottom:0;padding-left:var(--wp--preset--spacing--20)\" data-block-type=\"core\"><figure class=\"wp-block-media-text__media\"><img loading=\"lazy\" decoding=\"async\" width=\"1240\" height=\"1000\" src=\"https:\/\/villagiuliabnb.com\/wp-content\/uploads\/Villa_Giulia_fuori-1240x1000.jpg\" alt=\"\" class=\"wp-image-762 size-full\" srcset=\"https:\/\/villagiuliabnb.com\/wp-content\/uploads\/Villa_Giulia_fuori-1240x1000.jpg 1240w, https:\/\/villagiuliabnb.com\/wp-content\/uploads\/Villa_Giulia_fuori-700x564.jpg 700w, https:\/\/villagiuliabnb.com\/wp-content\/uploads\/Villa_Giulia_fuori-768x619.jpg 768w, https:\/\/villagiuliabnb.com\/wp-content\/uploads\/Villa_Giulia_fuori.jpg 1280w\" sizes=\"auto, (max-width: 1240px) 100vw, 1240px\" \/><\/figure><div class=\"wp-block-media-text__content\">\n<h2 class=\"wp-block-heading\" style=\"margin-top:var(--wp--preset--spacing--40);margin-right:0;margin-bottom:var(--wp--preset--spacing--20);margin-left:0\" data-block-type=\"core\">Die Villa<\/h2>\n\n\n\n<p><strong>Das B&amp;B Villa Giulia<\/strong> ist ein charmantes Jugendstil Geb\u00e4ude, das um die 1920er gebaut und 2023 vollst\u00e4ndig renoviert wurde. Es befindet sich direkt gegen\u00fcber dem Park \u201cPineta di Ponente\u201d. Dies ist ein herrlicher Pinienwald der eine Vielzahl an Sommeraktivit\u00e4ten f\u00fcr Gro\u00df und Klein bietet: Fahrradverleihe, Spielpl\u00e4tze, Restaurants, Caf\u00e9s und M\u00e4rkte. Die Villa ist nur 150 Meter von der Strandpromenade mit Boutiquen, Gesch\u00e4ften, Restaurants und Caf\u00e9s, sowie sch\u00f6nen Str\u00e4nden mit Strand- und Schwimmb\u00e4dern, entfernt.<\/p>\n\n\n\n<p>Wussten Sie, dass Sie die <strong><a href=\"https:\/\/villagiuliabnb.com\/de\/unterkunfte\/vermietung-der-gesamten-villa\">ganze Villa buchen k\u00f6nnen<\/a><\/strong>?<\/p>\n<\/div><\/div>\n<\/div><\/div><\/div>\n<\/div><\/div>\n\n\n\n<div class=\"wp-block-media-text has-media-on-the-right is-stacked-on-mobile\" data-block-type=\"core\"><div class=\"wp-block-media-text__content\">\n<h2 class=\"wp-block-heading\" style=\"margin-top:var(--wp--preset--spacing--40);margin-bottom:var(--wp--preset--spacing--20)\" data-block-type=\"core\">Die Lage<\/h2>\n\n\n\n<p>Das B&amp;B Villa Giulia befindet sich in ruhiger Wohnlage. Dabei ist es nur einen Katzensprung von der wundersch\u00f6nen Strandpromenade und dem herrlichen Park \u201cPineta di Ponente\u201d entfernt. In dieser Gegend finden Sie die feinsten Hotels von Viareggio, sowie hervorragende Restaurants und Caf\u00e9s. In nur 5 Gehminuten k\u00f6nnen Sie zu einem Supermarkt gelangen und in 20 Gehminuten erreichen Sie den Bahnhof.<\/p>\n<\/div><figure class=\"wp-block-media-text__media\"><img loading=\"lazy\" decoding=\"async\" width=\"750\" height=\"1000\" src=\"https:\/\/villagiuliabnb.com\/wp-content\/uploads\/Villa_Giulia_Scala-750x1000.jpg\" alt=\"\" class=\"wp-image-757 size-full\" srcset=\"https:\/\/villagiuliabnb.com\/wp-content\/uploads\/Villa_Giulia_Scala-750x1000.jpg 750w, https:\/\/villagiuliabnb.com\/wp-content\/uploads\/Villa_Giulia_Scala-525x700.jpg 525w, https:\/\/villagiuliabnb.com\/wp-content\/uploads\/Villa_Giulia_Scala-768x1024.jpg 768w, https:\/\/villagiuliabnb.com\/wp-content\/uploads\/Villa_Giulia_Scala-1152x1536.jpg 1152w, https:\/\/villagiuliabnb.com\/wp-content\/uploads\/Villa_Giulia_Scala.jpg 1200w\" sizes=\"auto, (max-width: 750px) 100vw, 750px\" \/><\/figure><\/div>\n\n\n\n<div class=\"wp-block-stackable-columns stk-block-columns stk-block stk-23f7d34\" data-block-id=\"23f7d34\"><style>.stk-23f7d34 .stk--block-align-23f7d34{align-items:center !important;}.stk-23f7d34 {margin-bottom:0px !important;}.stk-23f7d34-column{--stk-column-gap:60px !important;row-gap:50px !important;}@media screen and (max-width:689px){.stk-23f7d34-column{row-gap:50px !important;}}<\/style><div class=\"stk-row stk-inner-blocks stk--block-align-23f7d34 stk-block-content stk-content-align stk-23f7d34-column\">\n<div class=\"wp-block-stackable-column stk-block-column stk-column stk-block stk-f3bdcdd\" data-v=\"4\" data-block-id=\"f3bdcdd\"><style>.stk-f3bdcdd-container{margin-top:0px !important;margin-right:0px !important;margin-bottom:0px !important;margin-left:0px !important;}@media screen and (min-width:690px){.stk-f3bdcdd {flex:var(--stk-flex-grow, 1) 1 calc(50% - var(--stk-column-gap, 0px) * 1 \/ 2 ) !important;}}@media screen and (min-width:690px) and (max-width:999px){.stk-f3bdcdd {flex:var(--stk-flex-grow, 1) 1 calc(100% - var(--stk-column-gap, 0px) * 0 \/ 1 ) !important;}}<\/style><div class=\"stk-column-wrapper stk-block-column__content stk-container stk-f3bdcdd-container stk--no-background stk--no-padding\"><div class=\"stk-block-content stk-inner-blocks stk-f3bdcdd-inner-blocks\">\n<figure class=\"wp-block-image size-full\" data-block-type=\"core\"><img loading=\"lazy\" decoding=\"async\" width=\"724\" height=\"500\" src=\"https:\/\/villagiuliabnb.com\/wp-content\/uploads\/Versilia.jpg\" alt=\"\" class=\"wp-image-843\" srcset=\"https:\/\/villagiuliabnb.com\/wp-content\/uploads\/Versilia.jpg 724w, https:\/\/villagiuliabnb.com\/wp-content\/uploads\/Versilia-700x483.jpg 700w\" sizes=\"auto, (max-width: 724px) 100vw, 724px\" \/><\/figure>\n<\/div><\/div><\/div>\n\n\n\n<div class=\"wp-block-stackable-column stk-block-column stk-column stk-block stk-dba065b\" data-v=\"4\" data-block-id=\"dba065b\"><style>.stk-dba065b-container{margin-top:0px !important;margin-right:0px !important;margin-bottom:0px !important;margin-left:0px !important;}@media screen and (min-width:690px){.stk-dba065b {flex:var(--stk-flex-grow, 1) 1 calc(50% - var(--stk-column-gap, 0px) * 1 \/ 2 ) !important;}}@media screen and (min-width:690px) and (max-width:999px){.stk-dba065b {flex:var(--stk-flex-grow, 1) 1 calc(100% - var(--stk-column-gap, 0px) * 0 \/ 1 ) !important;}}<\/style><div class=\"stk-column-wrapper stk-block-column__content stk-container stk-dba065b-container stk--no-background stk--no-padding\"><div class=\"stk-block-content stk-inner-blocks stk-dba065b-inner-blocks\">\n<h2 class=\"wp-block-heading\" data-block-type=\"core\">Strandpromenade, Boutiquen und Caf\u00e9s<\/h2>\n\n\n\n<div class=\"wp-block-stackable-text stk-block-text stk-block stk-e388663\" data-block-id=\"e388663\"><style>.stk-e388663 {margin-bottom:50px !important;}@media screen and (max-width:689px){.stk-e388663 {margin-bottom:30px !important;}}<\/style><p class=\"stk-block-text__text has-text-align-center-tablet\">Die Villa ist nur 150 Meter von der ber\u00fchmten Strandpromenade mit Boutiquen, Gesch\u00e4ften, Caf\u00e9s und Beachclubs, entfernt. Viareggio ist ebenso bekannt f\u00fcr den Karneval, dessen Umz\u00fcge den ganzen Februar auf der Strandpromenade stattfinden.<\/p><\/div>\n\n\n\n<div class=\"wp-block-stackable-button-group stk-block-button-group stk-block stk-61a3042\" data-block-id=\"61a3042\"><style>.stk-61a3042 .stk-button-group{flex-direction:row !important;}@media screen and (max-width:999px){.stk-61a3042 .stk-button-group{flex-direction:row !important;}}@media screen and (max-width:689px){.stk-61a3042 .stk-button-group{flex-direction:row !important;}}<\/style><div class=\"stk-row stk-inner-blocks has-text-align-center-tablet stk-block-content stk-button-group\">\n<div class=\"wp-block-stackable-button stk-block-button stk-block stk-ac49bbf\" data-block-id=\"ac49bbf\"><style>.stk-ac49bbf .stk-button{padding-right:25px !important;padding-left:25px !important;}.stk-ac49bbf .stk-button__inner-text{font-size:18px !important;}@media screen and (max-width:999px){.stk-ac49bbf .stk-button__inner-text{font-size:18px !important;}}<\/style><a class=\"stk-link stk-button stk--hover-effect-darken\" href=\"\/category\/our-tips\"><span class=\"stk-button__inner-text\">LESEN SIE UNSERE TIPPS &gt;&gt;<\/span><\/a><\/div>\n<\/div><\/div>\n<\/div><\/div><\/div>\n<\/div><\/div>\n\n\n\n<div class=\"wp-block-stackable-columns alignfull stk-block-columns stk-block stk-3124827\" data-block-id=\"3124827\"><style>.stk-3124827-column{--stk-columns-spacing:32px !important;}<\/style><div class=\"stk-row stk-inner-blocks has-text-align-center stk-block-content stk-content-align stk-3124827-column alignfull\">\n<div class=\"wp-block-stackable-column stk-block-column stk-column stk-block stk-1023720\" data-v=\"4\" data-block-id=\"1023720\"><div class=\"stk-column-wrapper stk-block-column__content stk-container stk-1023720-container stk--no-background stk--no-padding\"><div class=\"stk-block-content stk-inner-blocks stk-1023720-inner-blocks\">\n<div class=\"wp-block-stackable-divider stk-block-divider stk-block stk-5d955e4\" data-block-id=\"5d955e4\"><style>.stk-5d955e4 hr.stk-block-divider__hr{background:var(--theme-palette-color-3, #816111) !important;}<\/style><hr class=\"stk-block-divider__hr\"\/><\/div>\n\n\n\n<div class=\"wp-block-stackable-heading stk-block-heading stk-block-heading--v2 stk-block stk-bc8a7b6\" id=\"bewertungen-unserer-gaste\" data-block-id=\"bc8a7b6\"><style>.stk-bc8a7b6 .stk-block-heading__text{color:var(--theme-palette-color-1, #bda15a) !important;font-weight:500 !important;}<\/style><h2 class=\"stk-block-heading__text has-text-color\">Bewertungen unserer G\u00e4ste<\/h2><\/div>\n\n\n\n<div class=\"wp-block-stackable-columns stk-block-columns stk-block stk-e0b1a92\" data-block-id=\"e0b1a92\"><div class=\"stk-row stk-inner-blocks stk-block-content stk-content-align stk-e0b1a92-column\">\n<div class=\"wp-block-stackable-column stk-block-column stk-column stk-block stk-0444e5c\" data-v=\"4\" data-block-id=\"0444e5c\"><style>.stk-0444e5c-container{margin-right:24px !important;margin-left:12px !important;}<\/style><div class=\"stk-column-wrapper stk-block-column__content stk-container stk-0444e5c-container stk--no-background stk--no-padding\"><div class=\"stk-block-content stk-inner-blocks stk-0444e5c-inner-blocks\">\n<div class=\"wp-block-stackable-testimonial stk-block-testimonial stk-block stk-6e34440 is-style-default\" data-v=\"2\" data-block-id=\"6e34440\"><div class=\"stk-block-testimonial__content stk-content-align stk-6e34440-column stk-container stk-6e34440-container stk--no-background stk--no-padding\"><div class=\"stk-block-content stk-inner-blocks has-text-align-center stk-6e34440-inner-blocks\">\n<h4 class=\"wp-block-heading has-text-align-left\" style=\"font-size:clamp(16.834px, 1.052rem + ((1vw - 3.2px) * 0.716), 26px);letter-spacing:1.8px\" data-block-type=\"core\">Ein historisches Geb\u00e4ude mit Seele<\/h4>\n\n\n\n<div class=\"wp-block-stackable-text stk-block-text stk-block stk-54c0845\" data-block-id=\"54c0845\"><p class=\"stk-block-text__text has-text-align-left\"><em>&#8222;In der N\u00e4he des Stadtzentrums gelegen, nur wenige Schritte vom Meer entfernt. Gepflegte und einladende Umgebung, elegant eingerichtet. Die Besitzer sind sehr nett und haben mir das Gef\u00fchl gegeben, zu Hause zu sein, bereit, mir bei allen meinen Bed\u00fcrfnissen zu helfen. Sie begleiteten mich sogar zum Veranstaltungsort der Neujahrsgala, als ich kein Taxi finden konnte. Vielen Dank f\u00fcr Ihre Verf\u00fcgbarkeit und Gastfreundschaft.<\/em><\/p><\/div>\n\n\n\n<div class=\"wp-block-stackable-text stk-block-text stk-block stk-fb95907\" data-block-id=\"fb95907\"><p class=\"stk-block-text__text has-text-align-left\"><em>The welcome, cleanliness, and kindness of the owners.<\/em>&#8222;<\/p><\/div>\n\n\n\n<div class=\"wp-block-stackable-subtitle stk-block-subtitle stk-block stk-160730e\" data-block-id=\"160730e\"><style>.stk-160730e .stk-block-subtitle__text{color:var(--theme-palette-color-2, #57410b) !important;font-weight:600 !important;letter-spacing:1.4px !important;}<\/style><p class=\"stk-block-subtitle__text stk-subtitle has-text-color has-text-align-left\"><strong>Tosco, Dec 2023, Italy<\/strong><\/p><\/div>\n<\/div><\/div><\/div>\n<\/div><\/div><\/div>\n\n\n\n<div class=\"wp-block-stackable-column stk-block-column stk-column stk-block stk-c07c514\" data-v=\"4\" data-block-id=\"c07c514\"><style>.stk-c07c514-container{margin-right:24px !important;margin-left:12px !important;}<\/style><div class=\"stk-column-wrapper stk-block-column__content stk-container stk-c07c514-container stk--no-background stk--no-padding\"><div class=\"stk-block-content stk-inner-blocks stk-c07c514-inner-blocks\">\n<h4 class=\"wp-block-heading has-text-align-left\" style=\"font-size:clamp(17.905px, 1.119rem + ((1vw - 3.2px) * 0.789), 28px);letter-spacing:1.8px\" data-block-type=\"core\">Amazing stay, great location<\/h4>\n\n\n\n<div class=\"wp-block-stackable-testimonial stk-block-testimonial stk-block stk-1d8a8df is-style-default\" data-v=\"2\" data-block-id=\"1d8a8df\"><div class=\"stk-block-testimonial__content stk-content-align stk-1d8a8df-column stk-container stk-1d8a8df-container stk--no-background stk--no-padding\"><div class=\"stk-block-content stk-inner-blocks has-text-align-center stk-1d8a8df-inner-blocks\">\n<p class=\"has-text-align-left\">&#8222;<em>Gabriella &amp; Rutger were wonderfull hosts and made our holiday even better with their knowledge of the area and places to visit\/events.<\/em><\/p>\n\n\n\n<p class=\"has-text-align-left\"><em><em>Outstanding B&amp;B with fantastic accommodation and great choice of food fot excellent breakfast.<\/em>&#8222;<\/em><\/p>\n\n\n\n<div class=\"wp-block-stackable-subtitle stk-block-subtitle stk-block stk-2024091\" data-block-id=\"2024091\"><style>.stk-2024091 .stk-block-subtitle__text{color:var(--theme-palette-color-2, #57410b) !important;font-weight:600 !important;letter-spacing:1.4px !important;}<\/style><p class=\"stk-block-subtitle__text stk-subtitle has-text-color has-text-align-left\"><strong><strong>Fam. Stuart, Aug 2024, VK<\/strong><\/strong><\/p><\/div>\n<\/div><\/div><\/div>\n<\/div><\/div><\/div>\n\n\n\n<div class=\"wp-block-stackable-column stk-block-column stk-column stk-block stk-62e77b0\" data-v=\"4\" data-block-id=\"62e77b0\"><style>.stk-62e77b0-container{margin-right:12px !important;margin-left:12px !important;}<\/style><div class=\"stk-column-wrapper stk-block-column__content stk-container stk-62e77b0-container stk--no-background stk--no-padding\"><div class=\"stk-block-content stk-inner-blocks stk-62e77b0-inner-blocks\">\n<h4 class=\"wp-block-heading has-text-align-left\" style=\"font-size:clamp(17.905px, 1.119rem + ((1vw - 3.2px) * 0.789), 28px);letter-spacing:1.8px\" data-block-type=\"core\">Herzhafte Villa<\/h4>\n\n\n\n<div class=\"wp-block-stackable-testimonial stk-block-testimonial stk-block stk-82fc259 is-style-default\" data-v=\"2\" data-block-id=\"82fc259\"><div class=\"stk-block-testimonial__content stk-content-align stk-82fc259-column stk-container stk-82fc259-container stk--no-background stk--no-padding\"><div class=\"stk-block-content stk-inner-blocks has-text-align-center stk-82fc259-inner-blocks\">\n<p class=\"has-text-align-left\">&#8222;<em>Man f\u00fchlte sich von Rutger und Gabriella von herzen aufgenommen. Wir hatten sehr viel Spa\u00df mit ihnen, Sie halfen uns wo sie konnten, kannten sich in der Gegend perfekt aus und hatten auch super Ratschl\u00e4ge f\u00fcr tolle Ausfl\u00fcge. Wir werden auf jeden fall noch eimal vorbeischauen.<\/em>&#8222;<\/p>\n\n\n\n<div class=\"wp-block-stackable-subtitle stk-block-subtitle stk-block stk-daf25d6\" id=\"name\" data-block-id=\"daf25d6\"><style>.stk-daf25d6 .stk-block-subtitle__text{color:var(--theme-palette-color-2, #57410b) !important;font-weight:600 !important;letter-spacing:1.4px !important;}<\/style><p class=\"stk-block-subtitle__text stk-subtitle has-text-color has-text-align-left\"><strong><strong>Haidenberger-Zeiner, Aug 2024, Austria<\/strong><\/strong><\/p><\/div>\n<\/div><\/div><\/div>\n<\/div><\/div><\/div>\n<\/div><\/div>\n<\/div><\/div><\/div>\n<\/div><\/div>\n\n\n\n<div class=\"wp-block-stackable-spacer stk-block-spacer stk--no-padding stk-block stk-3ec9e5f\" data-block-id=\"3ec9e5f\"><style>.stk-3ec9e5f {height:50px !important;}<\/style><\/div>\n","protected":false},"excerpt":{"rendered":"<p>Die Villa Das B&amp;B Villa Giulia ist ein charmantes Jugendstil Geb\u00e4ude, das um die 1920er gebaut und 2023 vollst\u00e4ndig renoviert wurde. Es befindet sich direkt gegen\u00fcber dem Park \u201cPineta di Ponente\u201d. Dies ist ein herrlicher Pinienwald der eine Vielzahl an Sommeraktivit\u00e4ten f\u00fcr Gro\u00df und Klein bietet: Fahrradverleihe, Spielpl\u00e4tze, Restaurants, Caf\u00e9s und M\u00e4rkte. Die Villa ist [&hellip;]<\/p>\n","protected":false},"author":8,"featured_media":0,"parent":0,"menu_order":0,"comment_status":"closed","ping_status":"closed","template":"","meta":{"footnotes":""},"class_list":["post-3068","page","type-page","status-publish","hentry"],"blocksy_meta":{"styles_descriptor":{"styles":{"desktop":"","tablet":"","mobile":""},"google_fonts":[],"version":6}},"yoast_head":"<!-- This site is optimized with the Yoast SEO plugin v27.4 - https:\/\/yoast.com\/product\/yoast-seo-wordpress\/ -->\n<title>Villa Giulia - Villa Giulia BnB<\/title>\n<meta name=\"robots\" content=\"index, follow, max-snippet:-1, max-image-preview:large, max-video-preview:-1\" \/>\n<link rel=\"canonical\" href=\"https:\/\/villagiuliabnb.com\/de\/villa-giulia\" \/>\n<meta property=\"og:locale\" content=\"de_DE\" \/>\n<meta property=\"og:type\" content=\"article\" \/>\n<meta property=\"og:title\" content=\"Villa Giulia - Villa Giulia BnB\" \/>\n<meta property=\"og:description\" content=\"Die Villa Das B&amp;B Villa Giulia ist ein charmantes Jugendstil Geb\u00e4ude, das um die 1920er gebaut und 2023 vollst\u00e4ndig renoviert wurde. Es befindet sich direkt gegen\u00fcber dem Park \u201cPineta di Ponente\u201d. Dies ist ein herrlicher Pinienwald der eine Vielzahl an Sommeraktivit\u00e4ten f\u00fcr Gro\u00df und Klein bietet: Fahrradverleihe, Spielpl\u00e4tze, Restaurants, Caf\u00e9s und M\u00e4rkte. Die Villa ist [&hellip;]\" \/>\n<meta property=\"og:url\" content=\"https:\/\/villagiuliabnb.com\/de\/villa-giulia\" \/>\n<meta property=\"og:site_name\" content=\"Villa Giulia BnB\" \/>\n<meta property=\"article:modified_time\" content=\"2024-12-15T21:09:40+00:00\" \/>\n<meta property=\"og:image\" content=\"https:\/\/villagiuliabnb.com\/wp-content\/uploads\/Villa_Giulia_fuori.jpg\" \/>\n\t<meta property=\"og:image:width\" content=\"1280\" \/>\n\t<meta property=\"og:image:height\" content=\"1032\" \/>\n\t<meta property=\"og:image:type\" content=\"image\/jpeg\" \/>\n<meta name=\"twitter:card\" content=\"summary_large_image\" \/>\n<meta name=\"twitter:label1\" content=\"Gesch\u00e4tzte Lesezeit\" \/>\n\t<meta name=\"twitter:data1\" content=\"3\u00a0Minuten\" \/>\n<script type=\"application\/ld+json\" class=\"yoast-schema-graph\">{\"@context\":\"https:\\\/\\\/schema.org\",\"@graph\":[{\"@type\":\"WebPage\",\"@id\":\"https:\\\/\\\/villagiuliabnb.com\\\/de\\\/villa-giulia\",\"url\":\"https:\\\/\\\/villagiuliabnb.com\\\/de\\\/villa-giulia\",\"name\":\"Villa Giulia - Villa Giulia BnB\",\"isPartOf\":{\"@id\":\"https:\\\/\\\/villagiuliabnb.com\\\/de#website\"},\"primaryImageOfPage\":{\"@id\":\"https:\\\/\\\/villagiuliabnb.com\\\/de\\\/villa-giulia#primaryimage\"},\"image\":{\"@id\":\"https:\\\/\\\/villagiuliabnb.com\\\/de\\\/villa-giulia#primaryimage\"},\"thumbnailUrl\":\"https:\\\/\\\/villagiuliabnb.com\\\/wp-content\\\/uploads\\\/Villa_Giulia_fuori-1240x1000.jpg\",\"datePublished\":\"2022-01-19T09:40:52+00:00\",\"dateModified\":\"2024-12-15T21:09:40+00:00\",\"breadcrumb\":{\"@id\":\"https:\\\/\\\/villagiuliabnb.com\\\/de\\\/villa-giulia#breadcrumb\"},\"inLanguage\":\"de\",\"potentialAction\":[{\"@type\":\"ReadAction\",\"target\":[\"https:\\\/\\\/villagiuliabnb.com\\\/de\\\/villa-giulia\"]}]},{\"@type\":\"ImageObject\",\"inLanguage\":\"de\",\"@id\":\"https:\\\/\\\/villagiuliabnb.com\\\/de\\\/villa-giulia#primaryimage\",\"url\":\"https:\\\/\\\/villagiuliabnb.com\\\/wp-content\\\/uploads\\\/Villa_Giulia_fuori-1240x1000.jpg\",\"contentUrl\":\"https:\\\/\\\/villagiuliabnb.com\\\/wp-content\\\/uploads\\\/Villa_Giulia_fuori-1240x1000.jpg\"},{\"@type\":\"BreadcrumbList\",\"@id\":\"https:\\\/\\\/villagiuliabnb.com\\\/de\\\/villa-giulia#breadcrumb\",\"itemListElement\":[{\"@type\":\"ListItem\",\"position\":1,\"name\":\"Home\",\"item\":\"https:\\\/\\\/villagiuliabnb.com\\\/de\"},{\"@type\":\"ListItem\",\"position\":2,\"name\":\"Villa Giulia\"}]},{\"@type\":\"WebSite\",\"@id\":\"https:\\\/\\\/villagiuliabnb.com\\\/de#website\",\"url\":\"https:\\\/\\\/villagiuliabnb.com\\\/de\",\"name\":\"Villa Giulia BnB\",\"description\":\"Welcome to your Holidays\",\"publisher\":{\"@id\":\"https:\\\/\\\/villagiuliabnb.com\\\/de#organization\"},\"potentialAction\":[{\"@type\":\"SearchAction\",\"target\":{\"@type\":\"EntryPoint\",\"urlTemplate\":\"https:\\\/\\\/villagiuliabnb.com\\\/de?s={search_term_string}\"},\"query-input\":{\"@type\":\"PropertyValueSpecification\",\"valueRequired\":true,\"valueName\":\"search_term_string\"}}],\"inLanguage\":\"de\"},{\"@type\":\"Organization\",\"@id\":\"https:\\\/\\\/villagiuliabnb.com\\\/de#organization\",\"name\":\"Villa Giulia BnB\",\"url\":\"https:\\\/\\\/villagiuliabnb.com\\\/de\",\"logo\":{\"@type\":\"ImageObject\",\"inLanguage\":\"de\",\"@id\":\"https:\\\/\\\/villagiuliabnb.com\\\/de#\\\/schema\\\/logo\\\/image\\\/\",\"url\":\"https:\\\/\\\/villagiuliabnb.com\\\/wp-content\\\/uploads\\\/Logo-Villa-Giulia-Art-Niveau.png\",\"contentUrl\":\"https:\\\/\\\/villagiuliabnb.com\\\/wp-content\\\/uploads\\\/Logo-Villa-Giulia-Art-Niveau.png\",\"width\":2275,\"height\":2154,\"caption\":\"Villa Giulia BnB\"},\"image\":{\"@id\":\"https:\\\/\\\/villagiuliabnb.com\\\/de#\\\/schema\\\/logo\\\/image\\\/\"}}]}<\/script>\n<!-- \/ Yoast SEO plugin. -->","yoast_head_json":{"title":"Villa Giulia - Villa Giulia BnB","robots":{"index":"index","follow":"follow","max-snippet":"max-snippet:-1","max-image-preview":"max-image-preview:large","max-video-preview":"max-video-preview:-1"},"canonical":"https:\/\/villagiuliabnb.com\/de\/villa-giulia","og_locale":"de_DE","og_type":"article","og_title":"Villa Giulia - Villa Giulia BnB","og_description":"Die Villa Das B&amp;B Villa Giulia ist ein charmantes Jugendstil Geb\u00e4ude, das um die 1920er gebaut und 2023 vollst\u00e4ndig renoviert wurde. Es befindet sich direkt gegen\u00fcber dem Park \u201cPineta di Ponente\u201d. Dies ist ein herrlicher Pinienwald der eine Vielzahl an Sommeraktivit\u00e4ten f\u00fcr Gro\u00df und Klein bietet: Fahrradverleihe, Spielpl\u00e4tze, Restaurants, Caf\u00e9s und M\u00e4rkte. Die Villa ist [&hellip;]","og_url":"https:\/\/villagiuliabnb.com\/de\/villa-giulia","og_site_name":"Villa Giulia BnB","article_modified_time":"2024-12-15T21:09:40+00:00","og_image":[{"width":1280,"height":1032,"url":"https:\/\/villagiuliabnb.com\/wp-content\/uploads\/Villa_Giulia_fuori.jpg","type":"image\/jpeg"}],"twitter_card":"summary_large_image","twitter_misc":{"Gesch\u00e4tzte Lesezeit":"3\u00a0Minuten"},"schema":{"@context":"https:\/\/schema.org","@graph":[{"@type":"WebPage","@id":"https:\/\/villagiuliabnb.com\/de\/villa-giulia","url":"https:\/\/villagiuliabnb.com\/de\/villa-giulia","name":"Villa Giulia - Villa Giulia BnB","isPartOf":{"@id":"https:\/\/villagiuliabnb.com\/de#website"},"primaryImageOfPage":{"@id":"https:\/\/villagiuliabnb.com\/de\/villa-giulia#primaryimage"},"image":{"@id":"https:\/\/villagiuliabnb.com\/de\/villa-giulia#primaryimage"},"thumbnailUrl":"https:\/\/villagiuliabnb.com\/wp-content\/uploads\/Villa_Giulia_fuori-1240x1000.jpg","datePublished":"2022-01-19T09:40:52+00:00","dateModified":"2024-12-15T21:09:40+00:00","breadcrumb":{"@id":"https:\/\/villagiuliabnb.com\/de\/villa-giulia#breadcrumb"},"inLanguage":"de","potentialAction":[{"@type":"ReadAction","target":["https:\/\/villagiuliabnb.com\/de\/villa-giulia"]}]},{"@type":"ImageObject","inLanguage":"de","@id":"https:\/\/villagiuliabnb.com\/de\/villa-giulia#primaryimage","url":"https:\/\/villagiuliabnb.com\/wp-content\/uploads\/Villa_Giulia_fuori-1240x1000.jpg","contentUrl":"https:\/\/villagiuliabnb.com\/wp-content\/uploads\/Villa_Giulia_fuori-1240x1000.jpg"},{"@type":"BreadcrumbList","@id":"https:\/\/villagiuliabnb.com\/de\/villa-giulia#breadcrumb","itemListElement":[{"@type":"ListItem","position":1,"name":"Home","item":"https:\/\/villagiuliabnb.com\/de"},{"@type":"ListItem","position":2,"name":"Villa Giulia"}]},{"@type":"WebSite","@id":"https:\/\/villagiuliabnb.com\/de#website","url":"https:\/\/villagiuliabnb.com\/de","name":"Villa Giulia BnB","description":"Welcome to your Holidays","publisher":{"@id":"https:\/\/villagiuliabnb.com\/de#organization"},"potentialAction":[{"@type":"SearchAction","target":{"@type":"EntryPoint","urlTemplate":"https:\/\/villagiuliabnb.com\/de?s={search_term_string}"},"query-input":{"@type":"PropertyValueSpecification","valueRequired":true,"valueName":"search_term_string"}}],"inLanguage":"de"},{"@type":"Organization","@id":"https:\/\/villagiuliabnb.com\/de#organization","name":"Villa Giulia BnB","url":"https:\/\/villagiuliabnb.com\/de","logo":{"@type":"ImageObject","inLanguage":"de","@id":"https:\/\/villagiuliabnb.com\/de#\/schema\/logo\/image\/","url":"https:\/\/villagiuliabnb.com\/wp-content\/uploads\/Logo-Villa-Giulia-Art-Niveau.png","contentUrl":"https:\/\/villagiuliabnb.com\/wp-content\/uploads\/Logo-Villa-Giulia-Art-Niveau.png","width":2275,"height":2154,"caption":"Villa Giulia BnB"},"image":{"@id":"https:\/\/villagiuliabnb.com\/de#\/schema\/logo\/image\/"}}]}},"_links":{"self":[{"href":"https:\/\/villagiuliabnb.com\/de\/wp-json\/wp\/v2\/pages\/3068","targetHints":{"allow":["GET"]}}],"collection":[{"href":"https:\/\/villagiuliabnb.com\/de\/wp-json\/wp\/v2\/pages"}],"about":[{"href":"https:\/\/villagiuliabnb.com\/de\/wp-json\/wp\/v2\/types\/page"}],"author":[{"embeddable":true,"href":"https:\/\/villagiuliabnb.com\/de\/wp-json\/wp\/v2\/users\/8"}],"replies":[{"embeddable":true,"href":"https:\/\/villagiuliabnb.com\/de\/wp-json\/wp\/v2\/comments?post=3068"}],"version-history":[{"count":5,"href":"https:\/\/villagiuliabnb.com\/de\/wp-json\/wp\/v2\/pages\/3068\/revisions"}],"predecessor-version":[{"id":4232,"href":"https:\/\/villagiuliabnb.com\/de\/wp-json\/wp\/v2\/pages\/3068\/revisions\/4232"}],"wp:attachment":[{"href":"https:\/\/villagiuliabnb.com\/de\/wp-json\/wp\/v2\/media?parent=3068"}],"curies":[{"name":"wp","href":"https:\/\/api.w.org\/{rel}","templated":true}]}}